{"id":6905,"date":"2024-04-09T05:30:02","date_gmt":"2024-04-09T05:30:02","guid":{"rendered":"https:\/\/kochamkarkonosze.pl\/szklarska-poreba-2\/"},"modified":"2024-06-14T12:54:17","modified_gmt":"2024-06-14T12:54:17","slug":"szklarska-poreba-2","status":"publish","type":"page","link":"https:\/\/kochamkarkonosze.pl\/cs\/hotely\/szklarska-poreba-2\/","title":{"rendered":"Szklarska Poreba"},"content":{"rendered":"\t\t<div data-elementor-type=\"wp-page\" data-elementor-id=\"6905\" class=\"elementor elementor-6905 elementor-6207\" data-elementor-post-type=\"page\">\n\t\t\t\t\t\t<section class=\"elementor-section elementor-top-section elementor-element elementor-element-bbbb643 elementor-section-boxed elementor-section-height-default elementor-section-height-default\" data-id=\"bbbb643\" data-element_type=\"section\">\n\t\t\t\t\t\t<div class=\"elementor-container elementor-column-gap-default\">\n\t\t\t\t\t<div class=\"elementor-column elementor-col-100 elementor-top-column elementor-element elementor-element-99f7d4a\" data-id=\"99f7d4a\" data-element_type=\"column\">\n\t\t\t<div class=\"elementor-widget-wrap elementor-element-populated\">\n\t\t\t\t\t\t<div class=\"elementor-element elementor-element-9189b15 elementor-widget elementor-widget-text-editor\" data-id=\"9189b15\" data-element_type=\"widget\" data-widget_type=\"text-editor.default\">\n\t\t\t\t<div class=\"elementor-widget-container\">\n\t\t\t\t\t\t\t\t\t<h1>Byty v Szklarska Por\u0119ba<\/h1>\n<p>Szklarska Poreba je jedn\u00edm z nejp\u016fvabn\u011bj\u0161\u00edch m\u00edst v Karkono\u0161\u00edch, kter\u00e9 l\u00e1k\u00e1 turisty z cel\u00e9ho Polska i odjinud. K dispozici je zde mnoho byt\u016f, kter\u00e9 spln\u00ed o\u010dek\u00e1v\u00e1n\u00ed i t\u011bch nejn\u00e1ro\u010dn\u011bj\u0161\u00edch host\u016f. \u00datuln\u00e9 interi\u00e9ry, modern\u00ed vybaven\u00ed a vynikaj\u00edc\u00ed poloha \u010din\u00ed z <strong>apartm\u00e1n\u016f ve Szklarsk\u00e9 Poreb\u011b<\/strong> ide\u00e1ln\u00ed volbu pro dovolenou na hor\u00e1ch. Tyto komfortn\u00ed apartm\u00e1ny nab\u00edzej\u00ed malebn\u00fd v\u00fdhled na panorama Krkono\u0161 a zp\u0159\u00edjemn\u00ed v\u00e1m pobyt.<\/p>\n<h2>Turistick\u00e9 zaj\u00edmavosti v okol\u00ed apartm\u00e1n\u016f<\/h2>\n<p><strong>P\u0159i v\u00fdb\u011bru byt\u016f ve Szklarsk\u00e9 Por\u0119b\u011b je t\u0159eba v\u011bnovat pozornost jejich poloze ve vztahu k turistick\u00fdm atrakc\u00edm<\/strong>. Vede sem \u0159ada turistick\u00fdch tras, nap\u0159\u00edklad k vodop\u00e1du Kamie\u0144czyk, Chybotku a Szrenici. V zimn\u00ed sez\u00f3n\u011b mohou turist\u00e9 nav\u00edc vyu\u017e\u00edt dob\u0159e p\u0159ipraven\u00e9 sjezdovky a p\u016fj\u010dovny ly\u017ea\u0159sk\u00e9ho vybaven\u00ed. D\u00edky tomu si m\u016f\u017ee ka\u017ed\u00fd bez ohledu na sv\u00e9 schopnosti u\u017e\u00edvat aktivn\u00ed rekreaci v p\u0159\u00edrod\u011b. Pod\u00edvejte se na <a href=\"https:\/\/kochamkarkonosze.pl\/cs\/szklarska-poreba\/\">stezky ve Szklarsk\u00e9 Por\u0119b\u011b<\/a>.<\/p>\n<h2>Komfort a pohodl\u00ed v bytech<\/h2>\n<p><strong>Byty ve Szklarsk\u00e9 Poreb\u011b poskytuj\u00ed sv\u00fdm host\u016fm \u0161irokou \u0161k\u00e1lu vybaven\u00ed, kter\u00e9<\/strong> jim zp\u0159\u00edjemn\u00ed pobyt. Pat\u0159\u00ed mezi n\u011b. pln\u011b vybaven\u00e9 kuchy\u0148ky, prostorn\u00e9 koupelny, TV s plochou obrazovkou a bezdr\u00e1tov\u00e9 p\u0159ipojen\u00ed k internetu. Mnoho za\u0159\u00edzen\u00ed nav\u00edc nab\u00edz\u00ed sauny, v\u00ed\u0159ivky nebo baz\u00e9ny, kter\u00e9 zp\u0159\u00edjemn\u00ed odpo\u010dinek po dni str\u00e1ven\u00e9m na horsk\u00fdch stezk\u00e1ch.<\/p>\n<h2>Rodinn\u00e1 dovolen\u00e1 v bytech<\/h2>\n<p>Szklarska Poreba je ide\u00e1ln\u00edm m\u00edstem pro rodinnou dovolenou. <strong>Apartm\u00e1ny, kter\u00e9 se nach\u00e1zej\u00ed v tomto p\u016fvabn\u00e9m m\u011bste\u010dku, jsou dokonale p\u0159izp\u016fsobeny pot\u0159eb\u00e1m rodin s d\u011btmi<\/strong>. Mnoh\u00e9 z nich maj\u00ed prostorn\u00e9 pokoje, kter\u00e9 umo\u017e\u0148uj\u00ed pohodln\u00e9 ubytov\u00e1n\u00ed pro celou rodinu. Krom\u011b toho se v oblasti nach\u00e1z\u00ed \u0159ada atrakc\u00ed pro d\u011bti, jako jsou lanov\u00e9 parky, kryt\u00e9 baz\u00e9ny a m\u00edsta, kde se lze nau\u010dit ly\u017eovat. Ka\u017ed\u00fd \u010dlen rodiny si tak najde n\u011bco pro sebe a bude si moci dovolenou v Krkono\u0161\u00edch naplno u\u017e\u00edt.<\/p>\n<h2>Online rezervace bytu<\/h2>\n<p>V dob\u011b modern\u00edch technologi\u00ed <strong>je rezervace byt\u016f ve Szklarsk\u00e9 Poreb\u011b velmi snadn\u00e1<\/strong>. Sta\u010d\u00ed nav\u0161t\u00edvit webov\u00e9 str\u00e1nky, kde najdete \u0161irokou nab\u00eddku byt\u016f k pron\u00e1jmu. D\u00edky intuitivn\u00edmu syst\u00e9mu vyhled\u00e1v\u00e1n\u00ed si ka\u017ed\u00fd m\u016f\u017ee snadno a rychle naj\u00edt byt, kter\u00fd spl\u0148uje jeho po\u017eadavky, a rezervovat si ho online. Toto pohodln\u00e9 \u0159e\u0161en\u00ed \u0161et\u0159\u00ed \u010das a energii a z\u00e1rove\u0148 zaru\u010duje, \u017ee vybran\u00fd byt spln\u00ed v\u0161echna o\u010dek\u00e1v\u00e1n\u00ed.<\/p>\n<h2>Venkovn\u00ed aktivity a m\u00edstn\u00ed akce<\/h2>\n<p>Szklarska Por\u0119ba je m\u00edstem, kde si ka\u017ed\u00fd milovn\u00edk aktivn\u00edho odpo\u010dinku p\u0159ijde na sv\u00e9. Krom\u011b \u010detn\u00fdch turistick\u00fdch a ly\u017ea\u0159sk\u00fdch tras jsou k dispozici tak\u00e9 m\u00edstn\u00ed volno\u010dasov\u00e9 aktivity, jako jsou \u0161koly paraglidingu, cyklistick\u00e9 v\u00fdlety a j\u00edzda na koni. V letn\u00ed sez\u00f3n\u011b se vyplat\u00ed nav\u0161t\u00edvit Poh\u00e1dkov\u00fd park, kter\u00fd nab\u00edz\u00ed spoustu atrakc\u00ed pro celou rodinu, a nav\u0161t\u00edvit \u010detn\u00e9 festivaly a venkovn\u00ed akce, kter\u00e9 se ve Szklarsk\u00e9 Poreb\u011b konaj\u00ed.  <strong>Pokud si vyberete byty v t\u00e9to okouzluj\u00edc\u00ed lokalit\u011b, m\u016f\u017eete si b\u00fdt jisti, \u017ee nebudete m\u00edt nouzi o p\u0159\u00edle\u017eitosti k pobytu v p\u0159\u00edrod\u011b a u\u017e\u00edv\u00e1n\u00ed si kr\u00e1s Krkono\u0161<\/strong>.<\/p>\n<h2>Kulin\u00e1\u0159sk\u00e9 a m\u00edstn\u00ed chut\u011b<\/h2>\n<p>Szklarska Por\u0119ba je tak\u00e9 skv\u011bl\u00fdm m\u00edstem pro gurm\u00e1ny, kte\u0159\u00ed cht\u011bj\u00ed poznat region\u00e1ln\u00ed kuchyni a ochutnat m\u00edstn\u00ed speciality. V <strong>okol\u00ed apartm\u00e1n\u016f se nach\u00e1z\u00ed \u0159ada restaurac\u00ed, kav\u00e1ren a bar\u016f<\/strong>, kter\u00e9 nab\u00edzej\u00ed pokrmy p\u0159ipraven\u00e9 s maxim\u00e1ln\u00ed p\u00e9\u010d\u00ed a z \u010derstv\u00fdch m\u00edstn\u00edch produkt\u016f. Za ochutn\u00e1n\u00ed stoj\u00ed nap\u0159\u00edklad brambor\u00e1ky, karkonosk\u00e1 kyselka nebo kwa\u015bnica, kter\u00e9 se ide\u00e1ln\u011b hod\u00ed k horsk\u00e9mu klimatu Szklarsk\u00e9 Por\u0119by. V\u00fdb\u011brem byt\u016f v t\u00e9to oblasti si m\u016f\u017eete b\u00fdt jisti, \u017ee nejen uspokoj\u00edte pot\u0159ebu pohodln\u00e9ho ubytov\u00e1n\u00ed, ale tak\u00e9 objev\u00edte bohatstv\u00ed chut\u00ed krkono\u0161sk\u00e9 kuchyn\u011b.<\/p>\n\t\t\t\t\t\t\t\t<\/div>\n\t\t\t\t<\/div>\n\t\t\t\t\t<\/div>\n\t\t<\/div>\n\t\t\t\t\t<\/div>\n\t\t<\/section>\n\t\t\t\t<\/div>\n\t\t","protected":false},"excerpt":{"rendered":"<p>Byty v Szklarska Por\u0119ba Szklarska Poreba je jedn\u00edm z nejp\u016fvabn\u011bj\u0161\u00edch m\u00edst v Karkono\u0161\u00edch, kter\u00e9 l\u00e1k\u00e1 turisty z cel\u00e9ho Polska i odjinud. K dispozici je zde mnoho byt\u016f, kter\u00e9 spln\u00ed o\u010dek\u00e1v\u00e1n\u00ed i t\u011bch nejn\u00e1ro\u010dn\u011bj\u0161\u00edch host\u016f. \u00datuln\u00e9 interi\u00e9ry, modern\u00ed vybaven\u00ed a vynikaj\u00edc\u00ed poloha \u010din\u00ed z apartm\u00e1n\u016f ve Szklarsk\u00e9 Poreb\u011b ide\u00e1ln\u00ed volbu pro dovolenou na hor\u00e1ch. Tyto komfortn\u00ed [&hellip;]<\/p>\n","protected":false},"author":2,"featured_media":0,"parent":7224,"menu_order":0,"comment_status":"closed","ping_status":"closed","template":"","meta":{"footnotes":""},"class_list":["post-6905","page","type-page","status-publish","hentry"],"_links":{"self":[{"href":"https:\/\/kochamkarkonosze.pl\/cs\/wp-json\/wp\/v2\/pages\/6905","targetHints":{"allow":["GET"]}}],"collection":[{"href":"https:\/\/kochamkarkonosze.pl\/cs\/wp-json\/wp\/v2\/pages"}],"about":[{"href":"https:\/\/kochamkarkonosze.pl\/cs\/wp-json\/wp\/v2\/types\/page"}],"author":[{"embeddable":true,"href":"https:\/\/kochamkarkonosze.pl\/cs\/wp-json\/wp\/v2\/users\/2"}],"replies":[{"embeddable":true,"href":"https:\/\/kochamkarkonosze.pl\/cs\/wp-json\/wp\/v2\/comments?post=6905"}],"version-history":[{"count":1,"href":"https:\/\/kochamkarkonosze.pl\/cs\/wp-json\/wp\/v2\/pages\/6905\/revisions"}],"predecessor-version":[{"id":6907,"href":"https:\/\/kochamkarkonosze.pl\/cs\/wp-json\/wp\/v2\/pages\/6905\/revisions\/6907"}],"up":[{"embeddable":true,"href":"https:\/\/kochamkarkonosze.pl\/cs\/wp-json\/wp\/v2\/pages\/7224"}],"wp:attachment":[{"href":"https:\/\/kochamkarkonosze.pl\/cs\/wp-json\/wp\/v2\/media?parent=6905"}],"curies":[{"name":"wp","href":"https:\/\/api.w.org\/{rel}","templated":true}]}}