{"id":6916,"date":"2024-04-09T05:32:10","date_gmt":"2024-04-09T05:32:10","guid":{"rendered":"https:\/\/kochamkarkonosze.pl\/swieradow-zdroj\/"},"modified":"2024-10-23T13:25:23","modified_gmt":"2024-10-23T13:25:23","slug":"swieradow-zdroj","status":"publish","type":"page","link":"https:\/\/kochamkarkonosze.pl\/cs\/hotely\/swieradow-zdroj\/","title":{"rendered":"\u015awierad\u00f3w-Zdr\u00f3j"},"content":{"rendered":"\t\t<div data-elementor-type=\"wp-page\" data-elementor-id=\"6916\" class=\"elementor elementor-6916 elementor-6210\" data-elementor-post-type=\"page\">\n\t\t\t\t\t\t<section class=\"elementor-section elementor-top-section elementor-element elementor-element-1332bcd elementor-section-height-min-height elementor-section-boxed elementor-section-height-default elementor-section-items-middle elementor-invisible\" data-id=\"1332bcd\" data-element_type=\"section\" data-settings=\"{&quot;background_background&quot;:&quot;classic&quot;,&quot;animation&quot;:&quot;fadeIn&quot;}\">\n\t\t\t\t\t\t\t<div class=\"elementor-background-overlay\"><\/div>\n\t\t\t\t\t\t\t<div class=\"elementor-container elementor-column-gap-default\">\n\t\t\t\t\t<div class=\"elementor-column elementor-col-100 elementor-top-column elementor-element elementor-element-6532dc5\" data-id=\"6532dc5\" data-element_type=\"column\">\n\t\t\t<div class=\"elementor-widget-wrap elementor-element-populated\">\n\t\t\t\t\t\t<div class=\"elementor-element elementor-element-7d3b441 elementor-invisible elementor-widget elementor-widget-heading\" data-id=\"7d3b441\" data-element_type=\"widget\" data-settings=\"{&quot;_animation&quot;:&quot;fadeInUp&quot;}\" data-widget_type=\"heading.default\">\n\t\t\t\t<div class=\"elementor-widget-container\">\n\t\t\t\t\t<h1 class=\"elementor-heading-title elementor-size-default\">Swieradow-Zdroj ubytov\u00e1n\u00ed<\/h1>\t\t\t\t<\/div>\n\t\t\t\t<\/div>\n\t\t\t\t\t<\/div>\n\t\t<\/div>\n\t\t\t\t\t<\/div>\n\t\t<\/section>\n\t\t\t\t<section class=\"elementor-section elementor-top-section elementor-element elementor-element-7d609ec elementor-section-boxed elementor-section-height-default elementor-section-height-default\" data-id=\"7d609ec\" data-element_type=\"section\">\n\t\t\t\t\t\t<div class=\"elementor-container elementor-column-gap-default\">\n\t\t\t\t\t<div class=\"elementor-column elementor-col-100 elementor-top-column elementor-element elementor-element-ad8b67b\" data-id=\"ad8b67b\" data-element_type=\"column\">\n\t\t\t<div class=\"elementor-widget-wrap elementor-element-populated\">\n\t\t\t\t\t\t<div class=\"elementor-element elementor-element-eba75ba elementor-widget elementor-widget-text-editor\" data-id=\"eba75ba\" data-element_type=\"widget\" data-widget_type=\"text-editor.default\">\n\t\t\t\t<div class=\"elementor-widget-container\">\n\t\t\t\t\t\t\t\t\t<h2>Ubytov\u00e1n\u00ed v \u015awieradow-Zdr\u00f3j<\/h2>\n<p>\u015awierad\u00f3w-Zdr\u00f3j je malebn\u00e9 m\u011bste\u010dko v Karkono\u0161\u00edch, kter\u00e9 nab\u00edz\u00ed \u0161irokou \u0161k\u00e1lu ubytov\u00e1n\u00ed pro turisty. Od penzion\u016f p\u0159es hotely a\u017e po byty &#8211; ka\u017ed\u00fd si zde najde n\u011bco pro sebe. <strong>Ubytov\u00e1n\u00ed ve \u015awierad\u00f3w\u011b<\/strong> je v\u00fdbornou z\u00e1kladnou pro pozn\u00e1v\u00e1n\u00ed okoln\u00edch zaj\u00edmavost\u00ed, jako jsou vodop\u00e1dy a horsk\u00e9 stezky. Vyu\u017eijte tak\u00e9 bohatou kulturn\u00ed a z\u00e1bavn\u00ed nab\u00eddku m\u011bsta, d\u00edky n\u00ed\u017e se v\u00e1\u0161 pobyt v Krkono\u0161\u00edch stane nezapomenuteln\u00fdm.<\/p>\n<h2>Pohodln\u00e1 dovolen\u00e1 v hotelu v \u015awierad\u00f3w-Zdr\u00f3j<\/h2>\n<p><strong>Pokud se chyst\u00e1te na dovolenou do Karkonosze, zva\u017ete ubytov\u00e1n\u00ed v n\u011bkter\u00e9m z komfortn\u00edch hotel\u016f ve \u015awierad\u00f3w\u011b-Zdroji<\/strong>. M\u011bsto je proslul\u00e9 sv\u00fdmi za\u0159\u00edzen\u00edmi, kter\u00e1 nab\u00edzej\u00ed vysoce kvalitn\u00ed slu\u017eby a rozs\u00e1hl\u00e9 mo\u017enosti tr\u00e1ven\u00ed voln\u00e9ho \u010dasu. Jsou to ide\u00e1ln\u00ed m\u00edsta pro odpo\u010dinkovou dovolenou, kde si m\u016f\u017eete u\u017e\u00edvat baz\u00e9ny, sauny nebo l\u00e1zn\u011b. Krom\u011b toho hotely ve \u015awierad\u00f3w\u011b-Zdroji \u010dasto po\u0159\u00e1daj\u00ed pro sv\u00e9 hosty jedine\u010dn\u00e9 atrakce, jako jsou koncerty nebo oh\u0148ostroje.<\/p>\n<h2>Relaxace a wellness v hotelov\u00fdch l\u00e1zn\u00edch ve \u015awierad\u00f3w\u011b-Zdroji<\/h2>\n<p>Pro <strong>ty, kte\u0159\u00ed hledaj\u00ed relaxaci a wellness, nab\u00edz\u00ed \u015awierad\u00f3w-Zdr\u00f3j mnoho hotel\u016f s vlastn\u00edmi l\u00e1zn\u011bmi<\/strong>. Tato za\u0159\u00edzen\u00ed nab\u00edzej\u00ed \u0161irokou \u0161k\u00e1lu t\u011blov\u00fdch a obli\u010dejov\u00fdch procedur, p\u0159i kter\u00fdch si m\u016f\u017eete pln\u011b odpo\u010dinout a oml\u00e1dnout. Je ide\u00e1ln\u00edm m\u00edstem pro p\u00e1ry, kter\u00e9 cht\u011bj\u00ed str\u00e1vit romantick\u00fd v\u00edkend, i pro rodiny s d\u011btmi, kter\u00e9 si mohou u\u017e\u00edt baz\u00e9ny a dal\u0161\u00ed atrakce p\u0159ipraven\u00e9 speci\u00e1ln\u011b pro n\u011b.<\/p>\n<h2>\u0160irok\u00e1 nab\u00eddka hotel\u016f ve \u015awierad\u00f3w\u011b-Zdroji pro ka\u017ed\u00e9ho<\/h2>\n<p>Ve <strong>\u015awierad\u00f3w\u011b-Zdroji si ka\u017ed\u00fd najde ubytov\u00e1n\u00ed podle sv\u00fdch pot\u0159eb a o\u010dek\u00e1v\u00e1n\u00ed<\/strong>. M\u011bsto nab\u00edz\u00ed \u0161irokou nab\u00eddku ubytovac\u00edch za\u0159\u00edzen\u00ed, od mal\u00fdch komorn\u00edch penzion\u016f p\u0159es byty a\u017e po komfortn\u00ed hotely. Jsou skv\u011blou volbou pro ty, kte\u0159\u00ed si cen\u00ed pohodl\u00ed a vysok\u00e9 kvality slu\u017eeb. Za pozornost stoj\u00ed tak\u00e9 nab\u00eddka ubytov\u00e1n\u00ed se sn\u00eddan\u00ed, kter\u00e1 v\u00e1m u\u0161et\u0159\u00ed \u010das p\u0159i p\u0159\u00edprav\u011b j\u00eddla a umo\u017en\u00ed v\u00e1m soust\u0159edit se na pozn\u00e1v\u00e1n\u00ed <a href=\"https:\/\/kochamkarkonosze.pl\/cs\/swieradow-zdroj\/\">zaj\u00edmavost\u00ed \u015awierad\u00f3wa-Zdroje<\/a>.<\/p>\n<h2>Byty Swieradow-Zdroj &#8211; ide\u00e1ln\u00ed pro rodiny a skupiny p\u0159\u00e1tel<\/h2>\n<p>Pro ty, kte\u0159\u00ed si cen\u00ed nez\u00e1vislosti a svobody, <strong>nab\u00edz\u00ed \u015awierad\u00f3w-Zdr\u00f3j mnoho komfortn\u00edch byt\u016f k pron\u00e1jmu<\/strong>. Jsou v\u00fdbornou volbou pro rodiny s d\u011btmi a skupiny p\u0159\u00e1tel, kte\u0159\u00ed cht\u011bj\u00ed str\u00e1vit spole\u010dn\u00fd \u010das v Krkono\u0161\u00edch. Mnoh\u00e9 z nich nab\u00edzej\u00ed dal\u0161\u00ed vybaven\u00ed, jako je baz\u00e9n nebo sauna, kter\u00e9 v\u00e1\u0161 pobyt je\u0161t\u011b v\u00edce zatraktivn\u00ed. P\u0159i <strong>v\u00fdb\u011bru bytu ve \u015awierad\u00f3w\u011b-Zdroji se m\u016f\u017eete spolehnout na vysok\u00fd standard a komfortn\u00ed ubytov\u00e1n\u00ed<\/strong>.<\/p>\n<h2>Koupali\u0161t\u011b ve \u015awierad\u00f3w\u011b-Zdroji &#8211; atrakce pro celou rodinu<\/h2>\n<p>P\u0159i ubytov\u00e1n\u00ed ve \u015awierad\u00f3w\u011b-Zdroji se vyplat\u00ed vyu\u017e\u00edt atrakce v podob\u011b baz\u00e9nu. Je to ide\u00e1ln\u00ed m\u00edsto pro aktivn\u00ed vy\u017eit\u00ed lid\u00ed v\u0161ech v\u011bkov\u00fdch kategori\u00ed. K dispozici jsou sportovn\u00ed i rekrea\u010dn\u00ed baz\u00e9ny pro relaxaci a z\u00e1bavu cel\u00e9 rodiny. Krom\u011b toho za\u0159\u00edzen\u00ed s baz\u00e9nem \u010dasto nab\u00edzej\u00ed dal\u0161\u00ed atrakce, jako jsou sauny, v\u00ed\u0159ivky nebo skluzavky, kter\u00e9 v\u00e1m pobyt v Krkono\u0161\u00edch je\u0161t\u011b v\u00edce zp\u0159\u00edjemn\u00ed.<\/p>\n<h2>Hotel ve \u015awierad\u00f3w\u011b-Zdroji &#8211; volba pro ty, kte\u0159\u00ed si cen\u00ed pohodl\u00ed a odpo\u010dinku<\/h2>\n<p><strong>P\u0159i v\u00fdb\u011bru hotelu ve \u015awierad\u00f3w\u011b-Zdroji se m\u016f\u017eete spolehnout na vysok\u00fd standard slu\u017eeb a pohodln\u00e9 ubytov\u00e1n\u00ed<\/strong>. Toto m\u00edsto doporu\u010dujeme v\u0161em, kte\u0159\u00ed cht\u011bj\u00ed str\u00e1vit odpo\u010dinkovou dovolenou v malebn\u00e9m prost\u0159ed\u00ed Krkono\u0161. Je vhodn\u00fd pro ty, kte\u0159\u00ed si p\u0159i relaxaci cen\u00ed nez\u00e1vislosti a svobody. Byt ve \u015awierad\u00f3w\u011b-Zdroji je vhodnou volbou pro v\u0161echny &#8211; jednotlivce, rodiny s mal\u00fdmi d\u011btmi, seniory i skupiny p\u0159\u00e1tel. Jsme p\u0159esv\u011bd\u010deni, \u017ee si zde ka\u017ed\u00fd najde n\u011bco pro sebe a ka\u017ed\u00fd bude s pobytem v tomto m\u011bst\u011b jist\u011b spokojen.<\/p>\t\t\t\t\t\t\t\t<\/div>\n\t\t\t\t<\/div>\n\t\t\t\t\t<\/div>\n\t\t<\/div>\n\t\t\t\t\t<\/div>\n\t\t<\/section>\n\t\t\t\t<\/div>\n\t\t","protected":false},"excerpt":{"rendered":"<p>Swieradow-Zdroj ubytov\u00e1n\u00ed Ubytov\u00e1n\u00ed v \u015awieradow-Zdr\u00f3j \u015awierad\u00f3w-Zdr\u00f3j je malebn\u00e9 m\u011bste\u010dko v Karkono\u0161\u00edch, kter\u00e9 nab\u00edz\u00ed \u0161irokou \u0161k\u00e1lu ubytov\u00e1n\u00ed pro turisty. Od penzion\u016f p\u0159es hotely a\u017e po byty &#8211; ka\u017ed\u00fd si zde najde n\u011bco pro sebe. Ubytov\u00e1n\u00ed ve \u015awierad\u00f3w\u011b je v\u00fdbornou z\u00e1kladnou pro pozn\u00e1v\u00e1n\u00ed okoln\u00edch zaj\u00edmavost\u00ed, jako jsou vodop\u00e1dy a horsk\u00e9 stezky. Vyu\u017eijte tak\u00e9 bohatou kulturn\u00ed a z\u00e1bavn\u00ed [&hellip;]<\/p>\n","protected":false},"author":2,"featured_media":0,"parent":7224,"menu_order":0,"comment_status":"closed","ping_status":"closed","template":"","meta":{"footnotes":""},"class_list":["post-6916","page","type-page","status-publish","hentry"],"_links":{"self":[{"href":"https:\/\/kochamkarkonosze.pl\/cs\/wp-json\/wp\/v2\/pages\/6916","targetHints":{"allow":["GET"]}}],"collection":[{"href":"https:\/\/kochamkarkonosze.pl\/cs\/wp-json\/wp\/v2\/pages"}],"about":[{"href":"https:\/\/kochamkarkonosze.pl\/cs\/wp-json\/wp\/v2\/types\/page"}],"author":[{"embeddable":true,"href":"https:\/\/kochamkarkonosze.pl\/cs\/wp-json\/wp\/v2\/users\/2"}],"replies":[{"embeddable":true,"href":"https:\/\/kochamkarkonosze.pl\/cs\/wp-json\/wp\/v2\/comments?post=6916"}],"version-history":[{"count":2,"href":"https:\/\/kochamkarkonosze.pl\/cs\/wp-json\/wp\/v2\/pages\/6916\/revisions"}],"predecessor-version":[{"id":8472,"href":"https:\/\/kochamkarkonosze.pl\/cs\/wp-json\/wp\/v2\/pages\/6916\/revisions\/8472"}],"up":[{"embeddable":true,"href":"https:\/\/kochamkarkonosze.pl\/cs\/wp-json\/wp\/v2\/pages\/7224"}],"wp:attachment":[{"href":"https:\/\/kochamkarkonosze.pl\/cs\/wp-json\/wp\/v2\/media?parent=6916"}],"curies":[{"name":"wp","href":"https:\/\/api.w.org\/{rel}","templated":true}]}}