{"id":7224,"date":"2024-04-09T05:13:14","date_gmt":"2024-04-09T05:13:14","guid":{"rendered":"https:\/\/kochamkarkonosze.pl\/hotely\/"},"modified":"2024-11-29T15:50:10","modified_gmt":"2024-11-29T15:50:10","slug":"hotely","status":"publish","type":"page","link":"https:\/\/kochamkarkonosze.pl\/cs\/hotely\/","title":{"rendered":"Hotely"},"content":{"rendered":"\t\t<div data-elementor-type=\"wp-page\" data-elementor-id=\"7224\" class=\"elementor elementor-7224 elementor-6199\" data-elementor-post-type=\"page\">\n\t\t\t\t\t\t<section class=\"elementor-section elementor-top-section elementor-element elementor-element-12d19aa elementor-section-boxed elementor-section-height-default elementor-section-height-default\" data-id=\"12d19aa\" data-element_type=\"section\">\n\t\t\t\t\t\t<div class=\"elementor-container elementor-column-gap-default\">\n\t\t\t\t\t<div class=\"elementor-column elementor-col-100 elementor-top-column elementor-element elementor-element-38cb07e\" data-id=\"38cb07e\" data-element_type=\"column\">\n\t\t\t<div class=\"elementor-widget-wrap elementor-element-populated\">\n\t\t\t\t\t\t<div class=\"elementor-element elementor-element-a6569bf elementor-widget elementor-widget-text-editor\" data-id=\"a6569bf\" data-element_type=\"widget\" data-widget_type=\"text-editor.default\">\n\t\t\t\t<div class=\"elementor-widget-container\">\n\t\t\t\t\t\t\t\t\t<h1>Ubytov\u00e1n\u00ed v Krkono\u0161\u00edch<\/h1>\n<p>Krkono\u0161e jsou jednou z nejobl\u00edben\u011bj\u0161\u00edch turistick\u00fdch oblast\u00ed v Polsku a o <strong>ubytov\u00e1n\u00ed v Krkono\u0161\u00edch<\/strong> je celoro\u010dn\u011b velk\u00fd z\u00e1jem. V nab\u00eddce najdete komfortn\u00ed hotely, \u00fatuln\u00e9 penziony i \u00fasporn\u00e9 byty. <a href=\"https:\/\/kochamkarkonosze.pl\/cs\/hotely\/swieradow-zdroj\/\">V\u00fdb\u011br ubytov\u00e1n\u00ed je opravdu \u0161irok\u00fd<\/a> a umo\u017e\u0148uje naj\u00edt ide\u00e1ln\u00ed m\u00edsto jak pro rodiny s d\u011btmi, tak pro p\u00e1ry a skupiny p\u0159\u00e1tel. Za zm\u00ednku stoj\u00ed i poloha ubytov\u00e1n\u00ed &#8211; n\u011bkter\u00e1 z nich se nach\u00e1zej\u00ed v srdci hor a poskytuj\u00ed nezapomenuteln\u00fd v\u00fdhled a snadn\u00fd p\u0159\u00edstup k turistick\u00fdm stezk\u00e1m. Pod\u00edvejte se mimo jin\u00e9 na <a href=\"https:\/\/kochamkarkonosze.pl\/cs\/hotely\/szklarska-poreba-2\/\">byty ve Szklarsk\u00e9 Por\u0119b\u011b<\/a> a \u015awierad\u00f3w\u011b-Zdroji.<\/p>\n<h2>Hotel v Krkono\u0161\u00edch: komfort a pohodl\u00ed v srdci hor<\/h2>\n<p>P\u0159i <strong>v\u00fdb\u011bru hotelu v Krkono\u0161\u00edch se m\u016f\u017eete spolehnout na vysok\u00fd standard slu\u017eeb a \u0161irokou nab\u00eddku vybaven\u00ed<\/strong>. Tato za\u0159\u00edzen\u00ed nab\u00edzej\u00ed komfortn\u00ed pokoje s vlastn\u00ed koupelnou, satelitn\u00ed TV a p\u0159ipojen\u00edm k internetu. Ve v\u011bt\u0161in\u011b podnik\u016f najdete tak\u00e9 restauraci s chutn\u00fdmi pokrmy region\u00e1ln\u00ed i mezin\u00e1rodn\u00ed kuchyn\u011b. N\u011bkter\u00e9 hotely nab\u00edzej\u00ed i dal\u0161\u00ed aktivity, nap\u0159\u00edklad baz\u00e9n, saunu, posilovnu nebo l\u00e1zn\u011b. D\u00edky tomu je tento <strong>hotel v Krkono\u0161\u00edch nejen vynikaj\u00edc\u00edm m\u00edstem k pobytu, ale tak\u00e9 skv\u011blou z\u00e1kladnou pro pozn\u00e1v\u00e1n\u00ed okoln\u00edch zaj\u00edmavost\u00ed<\/strong>.<\/p>\n<h2>Krkono\u0161sk\u00e9 hotely: rozmanitost a atraktivn\u00ed ceny<\/h2>\n<p>V Krkono\u0161\u00edch najdete \u0161irokou nab\u00eddku hotel\u016f, kter\u00e9 uspokoj\u00ed i ty nejn\u00e1ro\u010dn\u011bj\u0161\u00ed turisty. Ty se pohybuj\u00ed od komfortn\u00edch p\u011btihv\u011bzdi\u010dkov\u00fdch hotel\u016f a\u017e po \u00fatuln\u00e9 t\u0159\u00edhv\u011bzdi\u010dkov\u00e9 hotely. Ceny ubytov\u00e1n\u00ed se li\u0161\u00ed, co\u017e umo\u017e\u0148uje p\u0159izp\u016fsobit nab\u00eddku individu\u00e1ln\u00edm pot\u0159eb\u00e1m a rozpo\u010dtu. <strong>Hotely v Krkono\u0161\u00edch \u010dasto nab\u00edzej\u00ed atraktivn\u00ed pobytov\u00e9 bal\u00ed\u010dky,<\/strong> kter\u00e9 kombinuj\u00ed ubytov\u00e1n\u00ed s dal\u0161\u00edmi slu\u017ebami, jako je stravov\u00e1n\u00ed nebo vyu\u017eit\u00ed rekrea\u010dn\u00edch za\u0159\u00edzen\u00ed. Vyplat\u00ed se sledovat akce a slevy, abyste na\u0161li nejv\u00fdhodn\u011bj\u0161\u00ed nab\u00eddku pro sv\u016fj pobyt v Krkono\u0161\u00edch.<\/p>\n<h2>L\u00e1zn\u011b v Krkono\u0161\u00edch: relaxace a wellness v horsk\u00e9m klimatu<\/h2>\n<p>Mnoho krkono\u0161sk\u00fdch hotel\u016f nab\u00edz\u00ed sv\u00fdm host\u016fm mo\u017enost l\u00e1ze\u0148sk\u00fdch a wellness slu\u017eeb. Je to ide\u00e1ln\u00ed p\u0159\u00edle\u017eitost k regeneraci po n\u00e1ro\u010dn\u00e9m dni na horsk\u00fdch stezk\u00e1ch nebo sjezdovk\u00e1ch. <strong>L\u00e1zn\u011b v Krkono\u0161\u00edch nab\u00edzej\u00ed \u0161irokou \u0161k\u00e1lu procedur<\/strong>, jako jsou mas\u00e1\u017ee, koupele nebo terapie na p\u0159\u00edrodn\u00ed b\u00e1zi. Tato za\u0159\u00edzen\u00ed nav\u00edc \u010dasto disponuj\u00ed baz\u00e9ny, saunami nebo v\u00ed\u0159ivkami, kter\u00e9 umo\u017e\u0148uj\u00ed kompletn\u00ed relaxaci a wellness v malebn\u00e9m prost\u0159ed\u00ed Krkono\u0161.<\/p>\n<h2>Ubytov\u00e1n\u00ed v Krkono\u0161\u00edch v kombinaci s atrakcemi pro aktivn\u00ed i odpo\u010dinkov\u00e9 lidi<\/h2>\n<p>Krkono\u0161e nenab\u00edzej\u00ed jen kr\u00e1snou krajinu a malebn\u00e9 stezky, ale tak\u00e9 mnoho atrakc\u00ed pro turisty s r\u016fzn\u00fdmi z\u00e1jmy. <strong>Ubytov\u00e1n\u00ed v Karkonosz\u00edch poskytuje snadn\u00fd p\u0159\u00edstup k \u010detn\u00fdm cyklostezk\u00e1m, ly\u017ea\u0159sk\u00fdm vlek\u016fm<\/strong> a oblastem pro extr\u00e9mn\u00ed sporty, jako je paragliding a horolezectv\u00ed. Ti, kdo hledaj\u00ed odpo\u010dinek a kulturu, mohou nav\u0161t\u00edvit \u0159adu muze\u00ed, um\u011bleck\u00fdch galeri\u00ed nebo historick\u00fdch pal\u00e1c\u016f a hrad\u016f. Mnoh\u00e1 ubytovac\u00ed za\u0159\u00edzen\u00ed nab\u00edzej\u00ed tak\u00e9 bohat\u00fd anima\u010dn\u00ed program a aktivity pro d\u011bti, tak\u017ee Krkono\u0161e jsou ide\u00e1ln\u00ed destinac\u00ed pro rodinnou dovolenou.<\/p>\n<h2>Po\u0159\u00e1d\u00e1n\u00ed konferenc\u00ed a speci\u00e1ln\u00edch akc\u00ed v hotelu v Krkono\u0161\u00edch<\/h2>\n<p><strong>Krkono\u0161sk\u00e9 hotely jsou tak\u00e9 vynikaj\u00edc\u00edm m\u00edstem pro po\u0159\u00e1d\u00e1n\u00ed konferenc\u00ed, \u0161kolen\u00ed nebo obchodn\u00edch jedn\u00e1n\u00ed<\/strong>. Mnoh\u00e1 m\u00edsta maj\u00ed modern\u00ed konferen\u010dn\u00ed m\u00edstnosti s pot\u0159ebnou infrastrukturou a profesion\u00e1ln\u00ed person\u00e1l. Krom\u011b toho tyto hotely nab\u00edzej\u00ed mo\u017enost po\u0159\u00e1d\u00e1n\u00ed speci\u00e1ln\u00edch akc\u00ed, jako jsou svatby, k\u0159tiny nebo narozeniny. V takov\u00e9m p\u0159\u00edpad\u011b se vyplat\u00ed v\u011bnovat pozornost nab\u00eddce stravov\u00e1n\u00ed v hotelu a dal\u0161\u00edm atrakc\u00edm, jako je \u017eiv\u00e1 hudba nebo oh\u0148ostroj.<\/p>\n<h2>Krkono\u0161sk\u00e9 hotely: n\u00e1vrhy pro milovn\u00edky p\u0159\u00edrody a ekoturistiky<\/h2>\n<p><strong>Krkono\u0161sk\u00e9 hotely jsou tak\u00e9 skv\u011bl\u00fdm m\u00edstem pro milovn\u00edky p\u0159\u00edrody a ekoturistiky<\/strong>. Mnoho za\u0159\u00edzen\u00ed s\u00e1z\u00ed na \u0159e\u0161en\u00ed \u0161etrn\u00e1 k \u017eivotn\u00edmu prost\u0159ed\u00ed, jako je vyu\u017e\u00edv\u00e1n\u00ed sol\u00e1rn\u00ed energie, geoterm\u00e1ln\u00ed vyt\u00e1p\u011bn\u00ed nebo t\u0159\u00edd\u011bn\u00ed odpadu. N\u011bkter\u00e1 m\u00edsta nav\u00edc nab\u00edzej\u00ed mo\u017enost z\u00fa\u010dastnit se ekologick\u00fdch workshop\u016f, aktivit na ochranu p\u0159\u00edrody nebo prohl\u00eddek nejzaj\u00edmav\u011bj\u0161\u00edch kout\u016f Krkono\u0161 s pr\u016fvodcem.<\/p>\n\t\t\t\t\t\t\t\t<\/div>\n\t\t\t\t<\/div>\n\t\t\t\t\t<\/div>\n\t\t<\/div>\n\t\t\t\t\t<\/div>\n\t\t<\/section>\n\t\t\t\t<\/div>\n\t\t","protected":false},"excerpt":{"rendered":"<p>Ubytov\u00e1n\u00ed v Krkono\u0161\u00edch Krkono\u0161e jsou jednou z nejobl\u00edben\u011bj\u0161\u00edch turistick\u00fdch oblast\u00ed v Polsku a o ubytov\u00e1n\u00ed v Krkono\u0161\u00edch je celoro\u010dn\u011b velk\u00fd z\u00e1jem. V nab\u00eddce najdete komfortn\u00ed hotely, \u00fatuln\u00e9 penziony i \u00fasporn\u00e9 byty. V\u00fdb\u011br ubytov\u00e1n\u00ed je opravdu \u0161irok\u00fd a umo\u017e\u0148uje naj\u00edt ide\u00e1ln\u00ed m\u00edsto jak pro rodiny s d\u011btmi, tak pro p\u00e1ry a skupiny p\u0159\u00e1tel. Za zm\u00ednku stoj\u00ed [&hellip;]<\/p>\n","protected":false},"author":2,"featured_media":0,"parent":0,"menu_order":0,"comment_status":"closed","ping_status":"closed","template":"","meta":{"footnotes":""},"class_list":["post-7224","page","type-page","status-publish","hentry"],"_links":{"self":[{"href":"https:\/\/kochamkarkonosze.pl\/cs\/wp-json\/wp\/v2\/pages\/7224","targetHints":{"allow":["GET"]}}],"collection":[{"href":"https:\/\/kochamkarkonosze.pl\/cs\/wp-json\/wp\/v2\/pages"}],"about":[{"href":"https:\/\/kochamkarkonosze.pl\/cs\/wp-json\/wp\/v2\/types\/page"}],"author":[{"embeddable":true,"href":"https:\/\/kochamkarkonosze.pl\/cs\/wp-json\/wp\/v2\/users\/2"}],"replies":[{"embeddable":true,"href":"https:\/\/kochamkarkonosze.pl\/cs\/wp-json\/wp\/v2\/comments?post=7224"}],"version-history":[{"count":3,"href":"https:\/\/kochamkarkonosze.pl\/cs\/wp-json\/wp\/v2\/pages\/7224\/revisions"}],"predecessor-version":[{"id":8606,"href":"https:\/\/kochamkarkonosze.pl\/cs\/wp-json\/wp\/v2\/pages\/7224\/revisions\/8606"}],"wp:attachment":[{"href":"https:\/\/kochamkarkonosze.pl\/cs\/wp-json\/wp\/v2\/media?parent=7224"}],"curies":[{"name":"wp","href":"https:\/\/api.w.org\/{rel}","templated":true}]}}