{"id":7244,"date":"2023-08-03T10:01:57","date_gmt":"2023-08-03T10:01:57","guid":{"rendered":"https:\/\/kochamkarkonosze.pl\/reklama\/"},"modified":"2024-10-31T17:42:43","modified_gmt":"2024-10-31T17:42:43","slug":"reklama","status":"publish","type":"page","link":"https:\/\/kochamkarkonosze.pl\/cs\/reklama\/","title":{"rendered":"Reklama"},"content":{"rendered":"\t\t<div data-elementor-type=\"wp-page\" data-elementor-id=\"7244\" class=\"elementor elementor-7244 elementor-3359\" data-elementor-post-type=\"page\">\n\t\t\t\t\t\t<section class=\"elementor-section elementor-top-section elementor-element elementor-element-5398a541 elementor-section-height-min-height elementor-section-boxed elementor-section-height-default elementor-section-items-middle elementor-invisible\" data-id=\"5398a541\" data-element_type=\"section\" data-settings=\"{&quot;background_background&quot;:&quot;classic&quot;,&quot;animation&quot;:&quot;fadeIn&quot;}\">\n\t\t\t\t\t\t\t<div class=\"elementor-background-overlay\"><\/div>\n\t\t\t\t\t\t\t<div class=\"elementor-container elementor-column-gap-default\">\n\t\t\t\t\t<div class=\"elementor-column elementor-col-100 elementor-top-column elementor-element elementor-element-5cf97f52\" data-id=\"5cf97f52\" data-element_type=\"column\">\n\t\t\t<div class=\"elementor-widget-wrap elementor-element-populated\">\n\t\t\t\t\t\t<div class=\"elementor-element elementor-element-2f216741 elementor-invisible elementor-widget elementor-widget-heading\" data-id=\"2f216741\" data-element_type=\"widget\" data-settings=\"{&quot;_animation&quot;:&quot;fadeInUp&quot;}\" data-widget_type=\"heading.default\">\n\t\t\t\t<div class=\"elementor-widget-container\">\n\t\t\t\t\t<h1 class=\"elementor-heading-title elementor-size-default\">Reklama v Krkono\u0161\u00edch<\/h1>\t\t\t\t<\/div>\n\t\t\t\t<\/div>\n\t\t\t\t\t<\/div>\n\t\t<\/div>\n\t\t\t\t\t<\/div>\n\t\t<\/section>\n\t\t\t\t<section class=\"elementor-section elementor-top-section elementor-element elementor-element-1bf23908 elementor-reverse-mobile elementor-section-boxed elementor-section-height-default elementor-section-height-default\" data-id=\"1bf23908\" data-element_type=\"section\">\n\t\t\t\t\t\t<div class=\"elementor-container elementor-column-gap-default\">\n\t\t\t\t\t<div class=\"elementor-column elementor-col-50 elementor-top-column elementor-element elementor-element-5e01c2e6\" data-id=\"5e01c2e6\" data-element_type=\"column\">\n\t\t\t<div class=\"elementor-widget-wrap elementor-element-populated\">\n\t\t\t\t\t\t<div class=\"elementor-element elementor-element-5755d838 elementor-invisible elementor-widget elementor-widget-heading\" data-id=\"5755d838\" data-element_type=\"widget\" data-settings=\"{&quot;_animation&quot;:&quot;fadeInLeft&quot;}\" data-widget_type=\"heading.default\">\n\t\t\t\t<div class=\"elementor-widget-container\">\n\t\t\t\t\t<h2 class=\"elementor-heading-title elementor-size-default\">Reklama <\/br> na port\u00e1lu Kocham Karkonosze<\/h2>\t\t\t\t<\/div>\n\t\t\t\t<\/div>\n\t\t\t\t<div class=\"elementor-element elementor-element-4c8c0a5c elementor-widget__width-initial elementor-widget-mobile__width-inherit elementor-invisible elementor-widget elementor-widget-text-editor\" data-id=\"4c8c0a5c\" data-element_type=\"widget\" data-settings=\"{&quot;_animation&quot;:&quot;fadeInUp&quot;}\" data-widget_type=\"text-editor.default\">\n\t\t\t\t<div class=\"elementor-widget-container\">\n\t\t\t\t\t\t\t\t\t<p style=\"font-weight: 400;\"><strong>V\u00e1\u017een\u00ed p\u00e1nov\u00e9,<\/strong><\/p>\n<p style=\"font-weight: 400;\">R\u00e1di bychom v\u00e1s pozvali k vyu\u017eit\u00ed jedine\u010dn\u00e9 reklamn\u00ed p\u0159\u00edle\u017eitosti na na\u0161ich v\u00edcejazy\u010dn\u00fdch webov\u00fdch str\u00e1nk\u00e1ch &#8222;I love the Krkono\u0161e&#8220;. N\u00e1\u0161 port\u00e1l, kter\u00fd je k dispozici v pol\u0161tin\u011b, angli\u010dtin\u011b, n\u011bm\u010din\u011b a \u010de\u0161tin\u011b, je skute\u010dn\u00fdm pokladem pro v\u0161echny milovn\u00edky hor, turistiky a mimo\u0159\u00e1dn\u00fdch p\u0159\u00edrodn\u00edch kr\u00e1s, kter\u00e9 Krkono\u0161e nab\u00edzej\u00ed.<\/p>\n<p style=\"font-weight: 400;\">Na na\u0161ich webov\u00fdch str\u00e1nk\u00e1ch v\u00e1m p\u0159edstavujeme \u0161irokou \u0161k\u00e1lu turistick\u00fdch zaj\u00edmavost\u00ed v regionu &#8211; od malebn\u00fdch vrchol\u016f a p\u016fvabn\u00fdch chat a\u017e po m\u00edsta pln\u00e1 historie a kultury, kter\u00e1 stoj\u00ed za n\u00e1v\u0161t\u011bvu. D\u00edky tomu si na na\u0161em port\u00e1lu najde n\u011bco pro sebe ka\u017ed\u00fd n\u00e1v\u0161t\u011bvn\u00edk bez ohledu na zemi p\u016fvodu nebo jazyk.<\/p>\n<p style=\"font-weight: 400;\">Pokud se rozhodnete inzerovat sv\u016fj hotel na na\u0161ich webov\u00fdch str\u00e1nk\u00e1ch, z\u00edsk\u00e1te mnoho v\u00fdhod. N\u00e1\u0161 port\u00e1l je zaj\u00edmav\u00fd p\u0159edev\u0161\u00edm pro turisty, kte\u0159\u00ed pl\u00e1nuj\u00ed dovolenou v Krkono\u0161\u00edch. To znamen\u00e1, \u017ee reklama va\u0161eho hotelu oslov\u00ed \u0161irokou \u0161k\u00e1lu potenci\u00e1ln\u00edch host\u016f z r\u016fzn\u00fdch zem\u00ed. Nav\u00edc se sna\u017e\u00edme, aby na\u0161e reklama byla co nejm\u00e9n\u011b vt\u00edrav\u00e1. Z\u00e1le\u017e\u00ed n\u00e1m na pohodl\u00ed na\u0161ich u\u017eivatel\u016f a z\u00e1rove\u0148 na efektivit\u011b propagace va\u0161ich za\u0159\u00edzen\u00ed.<\/p>\n<p style=\"font-weight: 400;\">N\u00e1\u0161 port\u00e1l p\u0159itahuje r\u016fznorod\u00e9 publikum &#8211; od rodin s d\u011btmi p\u0159es milovn\u00edky horsk\u00e9 turistiky a\u017e po ty, kte\u0159\u00ed hledaj\u00ed m\u00edsto pro uspo\u0159\u00e1d\u00e1n\u00ed konference nebo firemn\u00edho teambuildingu. M\u00e1te tak mo\u017enost oslovit \u0161irokou \u0161k\u00e1lu potenci\u00e1ln\u00edch n\u00e1v\u0161t\u011bvn\u00edk\u016f z r\u016fzn\u00fdch zem\u00ed.<\/p>\n<p style=\"font-weight: 400;\">Reklama na na\u0161ich webov\u00fdch str\u00e1nk\u00e1ch je nejen efektivn\u00ed zp\u016fsob propagace, ale tak\u00e9 presti\u017en\u00ed. Jsme uzn\u00e1v\u00e1ni jako jeden z nejd\u016fle\u017eit\u011bj\u0161\u00edch zdroj\u016f informac\u00ed o Krkono\u0161\u00edch, co\u017e bude m\u00edt jist\u011b pozitivn\u00ed dopad na image va\u0161\u00ed spole\u010dnosti.<\/p>\n<p style=\"font-weight: 400;\">Krom\u011b toho je n\u00e1\u0161 t\u00fdm v\u017edy k dispozici, aby v\u00e1m pomohl a poradil s osv\u011bd\u010den\u00fdmi postupy v oblasti reklamy. Jsme zde, abychom v\u00e1m pomohli maximalizovat v\u00fdhody t\u00e9to spolupr\u00e1ce.<\/p>\n<p style=\"font-weight: 400;\">Doporu\u010dujeme v\u00e1m vyu\u017e\u00edt t\u00e9to jedine\u010dn\u00e9 p\u0159\u00edle\u017eitosti k propagaci va\u0161eho hotelu mezi lidmi, kte\u0159\u00ed miluj\u00ed Krkono\u0161e stejn\u011b jako my. Jsme p\u0159esv\u011bd\u010deni, \u017ee na\u0161e spolupr\u00e1ce bude oboustrann\u011b prosp\u011b\u0161n\u00e1 a p\u0159isp\u011bje k tomu, aby se va\u0161e za\u0159\u00edzen\u00ed stala je\u0161t\u011b obl\u00edben\u011bj\u0161\u00edmi.<\/p>\n<p style=\"font-weight: 400;\"><strong>S pozdravem,<\/strong><\/p>\n<p style=\"font-weight: 400;\"><strong>T\u00fdm &#8222;I love Karkonosze&#8220;<\/strong><\/p>\n\t\t\t\t\t\t\t\t<\/div>\n\t\t\t\t<\/div>\n\t\t\t\t\t<\/div>\n\t\t<\/div>\n\t\t\t\t<div class=\"elementor-column elementor-col-50 elementor-top-column elementor-element elementor-element-0cd2c14\" data-id=\"0cd2c14\" data-element_type=\"column\">\n\t\t\t<div class=\"elementor-widget-wrap elementor-element-populated\">\n\t\t\t\t\t\t<div class=\"elementor-element elementor-element-eea58d4 elementor-widget elementor-widget-image\" data-id=\"eea58d4\" data-element_type=\"widget\" data-widget_type=\"image.default\">\n\t\t\t\t<div class=\"elementor-widget-container\">\n\t\t\t\t\t\t\t\t\t\t\t\t\t\t\t<img fetchpriority=\"high\" decoding=\"async\" width=\"593\" height=\"1024\" src=\"https:\/\/kochamkarkonosze.pl\/wp-content\/uploads\/2023\/08\/reklama_w_karkonoszach-593x1024.webp\" class=\"attachment-large size-large wp-image-5023\" alt=\"reklama w karkonoszach\" srcset=\"https:\/\/kochamkarkonosze.pl\/wp-content\/uploads\/2023\/08\/reklama_w_karkonoszach-593x1024.webp 593w, https:\/\/kochamkarkonosze.pl\/wp-content\/uploads\/2023\/08\/reklama_w_karkonoszach-174x300.webp 174w, https:\/\/kochamkarkonosze.pl\/wp-content\/uploads\/2023\/08\/reklama_w_karkonoszach-768x1327.webp 768w, https:\/\/kochamkarkonosze.pl\/wp-content\/uploads\/2023\/08\/reklama_w_karkonoszach-889x1536.webp 889w, https:\/\/kochamkarkonosze.pl\/wp-content\/uploads\/2023\/08\/reklama_w_karkonoszach-1185x2048.webp 1185w, https:\/\/kochamkarkonosze.pl\/wp-content\/uploads\/2023\/08\/reklama_w_karkonoszach.webp 1302w\" sizes=\"(max-width: 593px) 100vw, 593px\" \/>\t\t\t\t\t\t\t\t\t\t\t\t\t\t\t<\/div>\n\t\t\t\t<\/div>\n\t\t\t\t<div class=\"elementor-element elementor-element-d03402f elementor-view-default elementor-position-top elementor-mobile-position-top elementor-widget elementor-widget-icon-box\" data-id=\"d03402f\" data-element_type=\"widget\" data-widget_type=\"icon-box.default\">\n\t\t\t\t<div class=\"elementor-widget-container\">\n\t\t\t\t\t\t\t<div class=\"elementor-icon-box-wrapper\">\n\n\t\t\t\t\t\t<div class=\"elementor-icon-box-icon\">\n\t\t\t\t<span  class=\"elementor-icon\">\n\t\t\t\t<svg aria-hidden=\"true\" class=\"e-font-icon-svg e-fas-phone-alt\" viewBox=\"0 0 512 512\" xmlns=\"http:\/\/www.w3.org\/2000\/svg\"><path d=\"M497.39 361.8l-112-48a24 24 0 0 0-28 6.9l-49.6 60.6A370.66 370.66 0 0 1 130.6 204.11l60.6-49.6a23.94 23.94 0 0 0 6.9-28l-48-112A24.16 24.16 0 0 0 122.6.61l-104 24A24 24 0 0 0 0 48c0 256.5 207.9 464 464 464a24 24 0 0 0 23.4-18.6l24-104a24.29 24.29 0 0 0-14.01-27.6z\"><\/path><\/svg>\t\t\t\t<\/span>\n\t\t\t<\/div>\n\t\t\t\n\t\t\t\t\t\t<div class=\"elementor-icon-box-content\">\n\n\t\t\t\t\t\t\t\t\t<h3 class=\"elementor-icon-box-title\">\n\t\t\t\t\t\t<span  >\n\t\t\t\t\t\t\tTelefonn\u00ed kontakt:\t\t\t\t\t\t<\/span>\n\t\t\t\t\t<\/h3>\n\t\t\t\t\n\t\t\t\t\t\t\t\t\t<p class=\"elementor-icon-box-description\">\n\t\t\t\t\t\t<a href=\"tel:+48728538362\">728 538 362<\/a>\t\t\t\t\t<\/p>\n\t\t\t\t\n\t\t\t<\/div>\n\t\t\t\n\t\t<\/div>\n\t\t\t\t\t\t<\/div>\n\t\t\t\t<\/div>\n\t\t\t\t<div class=\"elementor-element elementor-element-386c6f3 elementor-view-default elementor-position-top elementor-mobile-position-top elementor-widget elementor-widget-icon-box\" data-id=\"386c6f3\" data-element_type=\"widget\" data-widget_type=\"icon-box.default\">\n\t\t\t\t<div class=\"elementor-widget-container\">\n\t\t\t\t\t\t\t<div class=\"elementor-icon-box-wrapper\">\n\n\t\t\t\t\t\t<div class=\"elementor-icon-box-icon\">\n\t\t\t\t<span  class=\"elementor-icon\">\n\t\t\t\t<svg aria-hidden=\"true\" class=\"e-font-icon-svg e-fas-envelope\" viewBox=\"0 0 512 512\" xmlns=\"http:\/\/www.w3.org\/2000\/svg\"><path d=\"M502.3 190.8c3.9-3.1 9.7-.2 9.7 4.7V400c0 26.5-21.5 48-48 48H48c-26.5 0-48-21.5-48-48V195.6c0-5 5.7-7.8 9.7-4.7 22.4 17.4 52.1 39.5 154.1 113.6 21.1 15.4 56.7 47.8 92.2 47.6 35.7.3 72-32.8 92.3-47.6 102-74.1 131.6-96.3 154-113.7zM256 320c23.2.4 56.6-29.2 73.4-41.4 132.7-96.3 142.8-104.7 173.4-128.7 5.8-4.5 9.2-11.5 9.2-18.9v-19c0-26.5-21.5-48-48-48H48C21.5 64 0 85.5 0 112v19c0 7.4 3.4 14.3 9.2 18.9 30.6 23.9 40.7 32.4 173.4 128.7 16.8 12.2 50.2 41.8 73.4 41.4z\"><\/path><\/svg>\t\t\t\t<\/span>\n\t\t\t<\/div>\n\t\t\t\n\t\t\t\t\t\t<div class=\"elementor-icon-box-content\">\n\n\t\t\t\t\t\t\t\t\t<h3 class=\"elementor-icon-box-title\">\n\t\t\t\t\t\t<span  >\n\t\t\t\t\t\t\tE-mailov\u00fd kontakt:\t\t\t\t\t\t<\/span>\n\t\t\t\t\t<\/h3>\n\t\t\t\t\n\t\t\t\t\t\t\t\t\t<p class=\"elementor-icon-box-description\">\n\t\t\t\t\t\t<a href=\"mailto:reklama@kochamkarkonosze.pl\">reklama@kochamkarkonosze.pl<\/a>\t\t\t\t\t<\/p>\n\t\t\t\t\n\t\t\t<\/div>\n\t\t\t\n\t\t<\/div>\n\t\t\t\t\t\t<\/div>\n\t\t\t\t<\/div>\n\t\t\t\t\t<\/div>\n\t\t<\/div>\n\t\t\t\t\t<\/div>\n\t\t<\/section>\n\t\t\t\t<section class=\"elementor-section elementor-top-section elementor-element elementor-element-aa22c18 elementor-section-boxed elementor-section-height-default elementor-section-height-default\" data-id=\"aa22c18\" data-element_type=\"section\">\n\t\t\t\t\t\t<div class=\"elementor-container elementor-column-gap-default\">\n\t\t\t\t\t<div class=\"elementor-column elementor-col-100 elementor-top-column elementor-element elementor-element-18415a4\" data-id=\"18415a4\" data-element_type=\"column\">\n\t\t\t<div class=\"elementor-widget-wrap elementor-element-populated\">\n\t\t\t\t\t\t<div class=\"elementor-element elementor-element-c4af52b elementor-widget__width-auto elementor-invisible elementor-widget elementor-widget-heading\" data-id=\"c4af52b\" data-element_type=\"widget\" data-settings=\"{&quot;_animation&quot;:&quot;fadeInUp&quot;}\" data-widget_type=\"heading.default\">\n\t\t\t\t<div class=\"elementor-widget-container\">\n\t\t\t\t\t<h6 class=\"elementor-heading-title elementor-size-default\">nejlep\u0161\u00ed ubytov\u00e1n\u00ed<\/h6>\t\t\t\t<\/div>\n\t\t\t\t<\/div>\n\t\t\t\t<div class=\"elementor-element elementor-element-4e99fb1 elementor-invisible elementor-widget elementor-widget-heading\" data-id=\"4e99fb1\" data-element_type=\"widget\" data-settings=\"{&quot;_animation&quot;:&quot;fadeInUp&quot;}\" data-widget_type=\"heading.default\">\n\t\t\t\t<div class=\"elementor-widget-container\">\n\t\t\t\t\t<h1 class=\"elementor-heading-title elementor-size-default\">Atraktivn\u00ed ubytov\u00e1n\u00ed v Krkono\u0161\u00edch<\/h1>\t\t\t\t<\/div>\n\t\t\t\t<\/div>\n\t\t\t\t<div class=\"elementor-element elementor-element-822dac4 elementor-invisible elementor-widget elementor-widget-elementskit-blog-posts\" data-id=\"822dac4\" data-element_type=\"widget\" data-settings=\"{&quot;_animation&quot;:&quot;fadeInUp&quot;}\" data-widget_type=\"elementskit-blog-posts.default\">\n\t\t\t\t<div class=\"elementor-widget-container\">\n\t\t\t\t\t<div class=\"ekit-wid-con\" >        <div id=\"post-items--822dac4\" class=\"row post-items\">\n                    <div class=\"col-lg-3 col-md-6\">\n\n                                    <div class=\"elementskit-post-image-card\">\n                        <div class=\"elementskit-entry-header\">\n                                                            <a href=\"https:\/\/kochamkarkonosze.pl\/cs\/five-seasons-hotel-szklarska-poreba\/\" class=\"elementskit-entry-thumb\">\n                                    <img decoding=\"async\" src=\"https:\/\/kochamkarkonosze.pl\/wp-content\/uploads\/2023\/07\/kocham_karkonosze_five_seasons_hotel-2-768x470.webp\" alt=\"Five Seasons Hotel Szklarska Poreba\">\n                                <\/a><!-- .elementskit-entry-thumb END -->\n                                                            \n                            \n\t\t\t\t\t\t\t\t\t\t\t\t\t<\/div><!-- .elementskit-entry-header END -->\n\n\t\t\t\t\t\t<div class=\"elementskit-post-body \">\n\t\t\t\t\t\t\t\n\t\t\t\t\t\t\t\t\t\t\t\t\t\t\t\t\t\t\t\t\t\t\t\t\t\n\t\t\t\t\t\t\t\t\n\t\t\t\t\t\t\t\t\t\t\t\t\t\t\t\t\t\t\t\t\t<h2 class=\"entry-title\">\n\t\t\t\t\t<a href=\"https:\/\/kochamkarkonosze.pl\/cs\/five-seasons-hotel-szklarska-poreba\/\">\n\t\t\t\t\t\tFive Seasons Hotel Szklarska Poreba\t\t\t\t\t<\/a>\n\t\t\t\t<\/h2>\n\t\t\t\t\t\t\t\t\t\t\t\t\t\t\t\t\t\t\t\t\t\t\t\t\t\t\t\t\t\t\t\t                                                    <\/div><!-- .elementskit-post-body END -->\n                    <\/div>\n                \n            <\/div>\n                    <div class=\"col-lg-3 col-md-6\">\n\n                                    <div class=\"elementskit-post-image-card\">\n                        <div class=\"elementskit-entry-header\">\n                                                            <a href=\"https:\/\/kochamkarkonosze.pl\/cs\/elements-hotel-spa-swieradow-zdroj\/\" class=\"elementskit-entry-thumb\">\n                                    <img decoding=\"async\" src=\"https:\/\/kochamkarkonosze.pl\/wp-content\/uploads\/2023\/07\/kocham_karkonosze_elements_hotel-768x470.webp\" alt=\"Elements Hotel &amp; SPA \u015awierad\u00f3w Zdr\u00f3j\">\n                                <\/a><!-- .elementskit-entry-thumb END -->\n                                                            \n                            \n\t\t\t\t\t\t\t\t\t\t\t\t\t<\/div><!-- .elementskit-entry-header END -->\n\n\t\t\t\t\t\t<div class=\"elementskit-post-body \">\n\t\t\t\t\t\t\t\n\t\t\t\t\t\t\t\t\t\t\t\t\t\t\t\t\t\t\t\t\t\t\t\t\t\n\t\t\t\t\t\t\t\t\n\t\t\t\t\t\t\t\t\t\t\t\t\t\t\t\t\t\t\t\t\t<h2 class=\"entry-title\">\n\t\t\t\t\t<a href=\"https:\/\/kochamkarkonosze.pl\/cs\/elements-hotel-spa-swieradow-zdroj\/\">\n\t\t\t\t\t\tElements Hotel &amp; SPA \u015awierad\u00f3w Zdr\u00f3j\t\t\t\t\t<\/a>\n\t\t\t\t<\/h2>\n\t\t\t\t\t\t\t\t\t\t\t\t\t\t\t\t\t\t\t\t\t\t\t\t\t\t\t\t\t\t\t\t                                                    <\/div><!-- .elementskit-post-body END -->\n                    <\/div>\n                \n            <\/div>\n                    <div class=\"col-lg-3 col-md-6\">\n\n                                    <div class=\"elementskit-post-image-card\">\n                        <div class=\"elementskit-entry-header\">\n                                                            <a href=\"https:\/\/kochamkarkonosze.pl\/cs\/forest-park-hotel-spa-swieradow-zdroj\/\" class=\"elementskit-entry-thumb\">\n                                    <img decoding=\"async\" src=\"https:\/\/kochamkarkonosze.pl\/wp-content\/uploads\/2023\/07\/kocham_karkonosze_forest_park-768x470.png\" alt=\"Forest Park Hotel &amp; SPA \u015awierad\u00f3w-Zdr\u00f3j\">\n                                <\/a><!-- .elementskit-entry-thumb END -->\n                                                            \n                            \n\t\t\t\t\t\t\t\t\t\t\t\t\t<\/div><!-- .elementskit-entry-header END -->\n\n\t\t\t\t\t\t<div class=\"elementskit-post-body \">\n\t\t\t\t\t\t\t\n\t\t\t\t\t\t\t\t\t\t\t\t\t\t\t\t\t\t\t\t\t\t\t\t\t\n\t\t\t\t\t\t\t\t\n\t\t\t\t\t\t\t\t\t\t\t\t\t\t\t\t\t\t\t\t\t<h2 class=\"entry-title\">\n\t\t\t\t\t<a href=\"https:\/\/kochamkarkonosze.pl\/cs\/forest-park-hotel-spa-swieradow-zdroj\/\">\n\t\t\t\t\t\tForest Park Hotel &amp; SPA \u015awierad\u00f3w-Zdr\u00f3j\t\t\t\t\t<\/a>\n\t\t\t\t<\/h2>\n\t\t\t\t\t\t\t\t\t\t\t\t\t\t\t\t\t\t\t\t\t\t\t\t\t\t\t\t\t\t\t\t                                                    <\/div><!-- .elementskit-post-body END -->\n                    <\/div>\n                \n            <\/div>\n                    <div class=\"col-lg-3 col-md-6\">\n\n                                    <div class=\"elementskit-post-image-card\">\n                        <div class=\"elementskit-entry-header\">\n                                                            <a href=\"https:\/\/kochamkarkonosze.pl\/cs\/blue-mountain-resort-szklarska-poreba\/\" class=\"elementskit-entry-thumb\">\n                                    <img decoding=\"async\" src=\"https:\/\/kochamkarkonosze.pl\/wp-content\/uploads\/2023\/07\/kocham_karkonosze_blue_mountain_resort-768x470.webp\" alt=\"Blue Mountain Resort Szklarska Poreba\">\n                                <\/a><!-- .elementskit-entry-thumb END -->\n                                                            \n                            \n\t\t\t\t\t\t\t\t\t\t\t\t\t<\/div><!-- .elementskit-entry-header END -->\n\n\t\t\t\t\t\t<div class=\"elementskit-post-body \">\n\t\t\t\t\t\t\t\n\t\t\t\t\t\t\t\t\t\t\t\t\t\t\t\t\t\t\t\t\t\t\t\t\t\n\t\t\t\t\t\t\t\t\n\t\t\t\t\t\t\t\t\t\t\t\t\t\t\t\t\t\t\t\t\t<h2 class=\"entry-title\">\n\t\t\t\t\t<a href=\"https:\/\/kochamkarkonosze.pl\/cs\/blue-mountain-resort-szklarska-poreba\/\">\n\t\t\t\t\t\tBlue Mountain Resort Szklarska Poreba\t\t\t\t\t<\/a>\n\t\t\t\t<\/h2>\n\t\t\t\t\t\t\t\t\t\t\t\t\t\t\t\t\t\t\t\t\t\t\t\t\t\t\t\t\t\t\t\t                                                    <\/div><!-- .elementskit-post-body END -->\n                    <\/div>\n                \n            <\/div>\n                <\/div>\n       <\/div>\t\t\t\t<\/div>\n\t\t\t\t<\/div>\n\t\t\t\t\t<\/div>\n\t\t<\/div>\n\t\t\t\t\t<\/div>\n\t\t<\/section>\n\t\t\t\t<\/div>\n\t\t","protected":false},"excerpt":{"rendered":"<p>Reklama v Krkono\u0161\u00edch V\u00e1\u017een\u00ed p\u00e1nov\u00e9, R\u00e1di bychom v\u00e1s pozvali k vyu\u017eit\u00ed jedine\u010dn\u00e9 reklamn\u00ed p\u0159\u00edle\u017eitosti na na\u0161ich v\u00edcejazy\u010dn\u00fdch webov\u00fdch str\u00e1nk\u00e1ch &#8222;I love the Krkono\u0161e&#8220;. N\u00e1\u0161 port\u00e1l, kter\u00fd je k dispozici v pol\u0161tin\u011b, angli\u010dtin\u011b, n\u011bm\u010din\u011b a \u010de\u0161tin\u011b, je skute\u010dn\u00fdm pokladem pro v\u0161echny milovn\u00edky hor, turistiky a mimo\u0159\u00e1dn\u00fdch p\u0159\u00edrodn\u00edch kr\u00e1s, kter\u00e9 Krkono\u0161e nab\u00edzej\u00ed. Na na\u0161ich webov\u00fdch str\u00e1nk\u00e1ch v\u00e1m [&hellip;]<\/p>\n","protected":false},"author":1,"featured_media":0,"parent":0,"menu_order":0,"comment_status":"closed","ping_status":"closed","template":"","meta":{"footnotes":""},"class_list":["post-7244","page","type-page","status-publish","hentry"],"_links":{"self":[{"href":"https:\/\/kochamkarkonosze.pl\/cs\/wp-json\/wp\/v2\/pages\/7244","targetHints":{"allow":["GET"]}}],"collection":[{"href":"https:\/\/kochamkarkonosze.pl\/cs\/wp-json\/wp\/v2\/pages"}],"about":[{"href":"https:\/\/kochamkarkonosze.pl\/cs\/wp-json\/wp\/v2\/types\/page"}],"author":[{"embeddable":true,"href":"https:\/\/kochamkarkonosze.pl\/cs\/wp-json\/wp\/v2\/users\/1"}],"replies":[{"embeddable":true,"href":"https:\/\/kochamkarkonosze.pl\/cs\/wp-json\/wp\/v2\/comments?post=7244"}],"version-history":[{"count":3,"href":"https:\/\/kochamkarkonosze.pl\/cs\/wp-json\/wp\/v2\/pages\/7244\/revisions"}],"predecessor-version":[{"id":8562,"href":"https:\/\/kochamkarkonosze.pl\/cs\/wp-json\/wp\/v2\/pages\/7244\/revisions\/8562"}],"wp:attachment":[{"href":"https:\/\/kochamkarkonosze.pl\/cs\/wp-json\/wp\/v2\/media?parent=7244"}],"curies":[{"name":"wp","href":"https:\/\/api.w.org\/{rel}","templated":true}]}}