{"id":6908,"date":"2024-04-09T05:32:10","date_gmt":"2024-04-09T05:32:10","guid":{"rendered":"https:\/\/kochamkarkonosze.pl\/swieradow-zdroj\/"},"modified":"2024-10-23T13:25:22","modified_gmt":"2024-10-23T13:25:22","slug":"swieradow-zdroj","status":"publish","type":"page","link":"https:\/\/kochamkarkonosze.pl\/de\/hotels\/swieradow-zdroj\/","title":{"rendered":"\u015awierad\u00f3w-Zdr\u00f3j"},"content":{"rendered":"\t\t<div data-elementor-type=\"wp-page\" data-elementor-id=\"6908\" class=\"elementor elementor-6908 elementor-6210\" data-elementor-post-type=\"page\">\n\t\t\t\t\t\t<section class=\"elementor-section elementor-top-section elementor-element elementor-element-1332bcd elementor-section-height-min-height elementor-section-boxed elementor-section-height-default elementor-section-items-middle elementor-invisible\" data-id=\"1332bcd\" data-element_type=\"section\" data-settings=\"{&quot;background_background&quot;:&quot;classic&quot;,&quot;animation&quot;:&quot;fadeIn&quot;}\">\n\t\t\t\t\t\t\t<div class=\"elementor-background-overlay\"><\/div>\n\t\t\t\t\t\t\t<div class=\"elementor-container elementor-column-gap-default\">\n\t\t\t\t\t<div class=\"elementor-column elementor-col-100 elementor-top-column elementor-element elementor-element-6532dc5\" data-id=\"6532dc5\" data-element_type=\"column\">\n\t\t\t<div class=\"elementor-widget-wrap elementor-element-populated\">\n\t\t\t\t\t\t<div class=\"elementor-element elementor-element-7d3b441 elementor-invisible elementor-widget elementor-widget-heading\" data-id=\"7d3b441\" data-element_type=\"widget\" data-settings=\"{&quot;_animation&quot;:&quot;fadeInUp&quot;}\" data-widget_type=\"heading.default\">\n\t\t\t\t<div class=\"elementor-widget-container\">\n\t\t\t\t\t<h1 class=\"elementor-heading-title elementor-size-default\">Swieradow-Zdroj Unterkunft<\/h1>\t\t\t\t<\/div>\n\t\t\t\t<\/div>\n\t\t\t\t\t<\/div>\n\t\t<\/div>\n\t\t\t\t\t<\/div>\n\t\t<\/section>\n\t\t\t\t<section class=\"elementor-section elementor-top-section elementor-element elementor-element-7d609ec elementor-section-boxed elementor-section-height-default elementor-section-height-default\" data-id=\"7d609ec\" data-element_type=\"section\">\n\t\t\t\t\t\t<div class=\"elementor-container elementor-column-gap-default\">\n\t\t\t\t\t<div class=\"elementor-column elementor-col-100 elementor-top-column elementor-element elementor-element-ad8b67b\" data-id=\"ad8b67b\" data-element_type=\"column\">\n\t\t\t<div class=\"elementor-widget-wrap elementor-element-populated\">\n\t\t\t\t\t\t<div class=\"elementor-element elementor-element-eba75ba elementor-widget elementor-widget-text-editor\" data-id=\"eba75ba\" data-element_type=\"widget\" data-widget_type=\"text-editor.default\">\n\t\t\t\t<div class=\"elementor-widget-container\">\n\t\t\t\t\t\t\t\t\t<h2>Unterkunft in \u015awieradow-Zdr\u00f3j<\/h2>\n<p>\u015awierad\u00f3w-Zdr\u00f3j ist eine malerische Stadt im Riesengebirge, die eine breite Palette an Unterk\u00fcnften f\u00fcr Touristen bietet. Von G\u00e4steh\u00e4usern \u00fcber Hotels bis hin zu Ferienwohnungen ist f\u00fcr jeden etwas dabei. Die <strong>Unterk\u00fcnfte in \u015awierad\u00f3w<\/strong> sind ein hervorragender Ausgangspunkt f\u00fcr die Erkundung der umliegenden Attraktionen, wie Wasserf\u00e4lle und Bergpfade. Sie sollten auch das reiche Kultur- und Unterhaltungsangebot der Stadt nutzen, das Ihren Aufenthalt im Riesengebirge unvergesslich machen wird.<\/p>\n<h2>Komfortabler Urlaub in einem Hotel in \u015awierad\u00f3w-Zdr\u00f3j<\/h2>\n<p><strong>Wenn Sie einen Urlaub im Riesengebirge machen, sollten Sie in einem der komfortablen Hotels in \u015awierad\u00f3w-Zdr\u00f3j \u00fcbernachten<\/strong>. Die Stadt ist bekannt f\u00fcr ihre Einrichtungen, die hochwertige Dienstleistungen und umfangreiche Freizeitm\u00f6glichkeiten bieten. Dies sind ideale Orte f\u00fcr einen erholsamen Urlaub, wo Sie Schwimmb\u00e4der, Saunen oder Spas genie\u00dfen k\u00f6nnen. Dar\u00fcber hinaus organisieren Hotels in \u015awierad\u00f3w-Zdr\u00f3j oft einzigartige Attraktionen f\u00fcr ihre G\u00e4ste, wie Konzerte oder Feuerwerksshows.<\/p>\n<h2>Entspannung und Wellness im Hotel Spa in \u015awierad\u00f3w-Zdr\u00f3j<\/h2>\n<p><strong>F\u00fcr diejenigen, die Entspannung und Wellness suchen, bietet \u015awierad\u00f3w-Zdr\u00f3j viele Hotels mit eigenem Spa<\/strong>. Diese Einrichtungen bieten eine breite Palette an K\u00f6rper- und Gesichtsbehandlungen, um sich vollkommen zu entspannen und zu verj\u00fcngen. Es ist der perfekte Ort f\u00fcr Paare, die ein romantisches Wochenende verbringen m\u00f6chten, aber auch f\u00fcr Familien mit Kindern, die sich an den Pools und anderen Attraktionen erfreuen k\u00f6nnen, die speziell f\u00fcr sie vorbereitet wurden.<\/p>\n<h2>Eine gro\u00dfe Auswahl an Hotels in \u015awierad\u00f3w-Zdr\u00f3j f\u00fcr jeden Geschmack<\/h2>\n<p><strong>In \u015awierad\u00f3w-Zdr\u00f3j findet jeder eine Unterkunft, die seinen Bed\u00fcrfnissen und Erwartungen entspricht<\/strong>. Von kleinen, intimen G\u00e4steh\u00e4usern \u00fcber Wohnungen bis hin zu komfortablen Hotels bietet die Stadt eine gro\u00dfe Auswahl an Unterk\u00fcnften. Sie sind eine gute Wahl f\u00fcr alle, die Wert auf Komfort und hochwertigen Service legen. Es lohnt sich auch, das Angebot an \u00dcbernachtungsm\u00f6glichkeiten mit Fr\u00fchst\u00fcck zu pr\u00fcfen. So sparen Sie Zeit bei der Zubereitung von Mahlzeiten und k\u00f6nnen sich auf die Erkundung der <a href=\"https:\/\/kochamkarkonosze.pl\/de\/swieradow-zdroj\/\">Sehensw\u00fcrdigkeiten in \u015awierad\u00f3w-Zdr\u00f3j<\/a> konzentrieren.<\/p>\n<h2>Wohnungen Swieradow-Zdroj &#8211; ideal f\u00fcr Familien und Gruppen von Freunden<\/h2>\n<p>F\u00fcr diejenigen, die Unabh\u00e4ngigkeit und Freiheit sch\u00e4tzen, <strong>bietet \u015awierad\u00f3w-Zdr\u00f3j viele komfortable Wohnungen zur Miete<\/strong>. Sie sind eine ausgezeichnete Wahl f\u00fcr Familien mit Kindern und Gruppen von Freunden, die gemeinsam Zeit im Riesengebirge verbringen m\u00f6chten. Viele von ihnen bieten zus\u00e4tzliche Annehmlichkeiten wie einen Swimmingpool oder eine Sauna, die Ihren Aufenthalt noch attraktiver machen werden. <strong>Wenn Sie eine Wohnung in \u015awierad\u00f3w-Zdr\u00f3j w\u00e4hlen, k\u00f6nnen Sie sich auf einen hohen Standard und eine komfortable Unterkunft verlassen<\/strong>.<\/p>\n<h2>Schwimmb\u00e4der in \u015awierad\u00f3w-Zdr\u00f3j &#8211; eine Attraktion f\u00fcr die ganze Familie<\/h2>\n<p>Wenn Sie eine Unterkunft in \u015awierad\u00f3w-Zdr\u00f3j genie\u00dfen, sollten Sie die Attraktion des Swimmingpools nutzen. Es ist ein idealer Ort f\u00fcr aktive Besch\u00e4ftigungen f\u00fcr Menschen jeden Alters. Sowohl Sport- als auch Freizeitpools stehen f\u00fcr Entspannung und Spa\u00df f\u00fcr die ganze Familie zur Verf\u00fcgung. Dar\u00fcber hinaus bieten Einrichtungen mit einem Swimmingpool oft zus\u00e4tzliche Attraktionen wie Saunen, Whirlpools oder Rutschen, die Ihren Aufenthalt im Riesengebirge noch angenehmer machen.<\/p>\n<h2>Hotel in \u015awierad\u00f3w-Zdr\u00f3j &#8211; die Wahl f\u00fcr diejenigen, die Komfort und Entspannung sch\u00e4tzen<\/h2>\n<p><strong>Wenn Sie sich f\u00fcr ein Hotel in \u015awierad\u00f3w-Zdr\u00f3j entscheiden, k\u00f6nnen Sie sich auf einen hohen Servicestandard und eine komfortable Unterkunft verlassen<\/strong>. Wir empfehlen diesen Ort f\u00fcr diejenigen, die einen entspannten Urlaub in der malerischen Umgebung des Riesengebirges verbringen m\u00f6chten. Er eignet sich gut f\u00fcr diejenigen, die beim Entspannen Wert auf Unabh\u00e4ngigkeit und Freiheit legen. Die Wohnung in \u015awierad\u00f3w-Zdr\u00f3j ist eine gute Wahl f\u00fcr jedermann &#8211; Singles, Familien mit kleinen Kindern, Senioren, sowie Gruppen von Freunden. Wir sind \u00fcberzeugt, dass f\u00fcr jeden etwas dabei ist und jeder mit seinem Aufenthalt in dieser Stadt zufrieden sein wird.<\/p>\t\t\t\t\t\t\t\t<\/div>\n\t\t\t\t<\/div>\n\t\t\t\t\t<\/div>\n\t\t<\/div>\n\t\t\t\t\t<\/div>\n\t\t<\/section>\n\t\t\t\t<\/div>\n\t\t","protected":false},"excerpt":{"rendered":"<p>Swieradow-Zdroj Unterkunft Unterkunft in \u015awieradow-Zdr\u00f3j \u015awierad\u00f3w-Zdr\u00f3j ist eine malerische Stadt im Riesengebirge, die eine breite Palette an Unterk\u00fcnften f\u00fcr Touristen bietet. Von G\u00e4steh\u00e4usern \u00fcber Hotels bis hin zu Ferienwohnungen ist f\u00fcr jeden etwas dabei. Die Unterk\u00fcnfte in \u015awierad\u00f3w sind ein hervorragender Ausgangspunkt f\u00fcr die Erkundung der umliegenden Attraktionen, wie Wasserf\u00e4lle und Bergpfade. Sie sollten auch [&hellip;]<\/p>\n","protected":false},"author":2,"featured_media":0,"parent":7221,"menu_order":0,"comment_status":"closed","ping_status":"closed","template":"","meta":{"footnotes":""},"class_list":["post-6908","page","type-page","status-publish","hentry"],"_links":{"self":[{"href":"https:\/\/kochamkarkonosze.pl\/de\/wp-json\/wp\/v2\/pages\/6908","targetHints":{"allow":["GET"]}}],"collection":[{"href":"https:\/\/kochamkarkonosze.pl\/de\/wp-json\/wp\/v2\/pages"}],"about":[{"href":"https:\/\/kochamkarkonosze.pl\/de\/wp-json\/wp\/v2\/types\/page"}],"author":[{"embeddable":true,"href":"https:\/\/kochamkarkonosze.pl\/de\/wp-json\/wp\/v2\/users\/2"}],"replies":[{"embeddable":true,"href":"https:\/\/kochamkarkonosze.pl\/de\/wp-json\/wp\/v2\/comments?post=6908"}],"version-history":[{"count":4,"href":"https:\/\/kochamkarkonosze.pl\/de\/wp-json\/wp\/v2\/pages\/6908\/revisions"}],"predecessor-version":[{"id":8470,"href":"https:\/\/kochamkarkonosze.pl\/de\/wp-json\/wp\/v2\/pages\/6908\/revisions\/8470"}],"up":[{"embeddable":true,"href":"https:\/\/kochamkarkonosze.pl\/de\/wp-json\/wp\/v2\/pages\/7221"}],"wp:attachment":[{"href":"https:\/\/kochamkarkonosze.pl\/de\/wp-json\/wp\/v2\/media?parent=6908"}],"curies":[{"name":"wp","href":"https:\/\/api.w.org\/{rel}","templated":true}]}}