{"id":6921,"date":"2024-04-09T05:30:02","date_gmt":"2024-04-09T05:30:02","guid":{"rendered":"https:\/\/kochamkarkonosze.pl\/szklarska-poreba-2\/"},"modified":"2024-06-14T12:54:14","modified_gmt":"2024-06-14T12:54:14","slug":"szklarska-poreba-2","status":"publish","type":"page","link":"https:\/\/kochamkarkonosze.pl\/de\/hotels\/szklarska-poreba-2\/","title":{"rendered":"Szklarska Poreba"},"content":{"rendered":"\t\t<div data-elementor-type=\"wp-page\" data-elementor-id=\"6921\" class=\"elementor elementor-6921 elementor-6207\" data-elementor-post-type=\"page\">\n\t\t\t\t\t\t<section class=\"elementor-section elementor-top-section elementor-element elementor-element-bbbb643 elementor-section-boxed elementor-section-height-default elementor-section-height-default\" data-id=\"bbbb643\" data-element_type=\"section\">\n\t\t\t\t\t\t<div class=\"elementor-container elementor-column-gap-default\">\n\t\t\t\t\t<div class=\"elementor-column elementor-col-100 elementor-top-column elementor-element elementor-element-99f7d4a\" data-id=\"99f7d4a\" data-element_type=\"column\">\n\t\t\t<div class=\"elementor-widget-wrap elementor-element-populated\">\n\t\t\t\t\t\t<div class=\"elementor-element elementor-element-9189b15 elementor-widget elementor-widget-text-editor\" data-id=\"9189b15\" data-element_type=\"widget\" data-widget_type=\"text-editor.default\">\n\t\t\t\t<div class=\"elementor-widget-container\">\n\t\t\t\t\t\t\t\t\t<h1>Wohnungen in Szklarska Poreba<\/h1>\n<p>Szklarska Poreba ist einer der reizvollsten Orte im Riesengebirge, der Touristen aus ganz Polen und dar\u00fcber hinaus anzieht. Es gibt zahlreiche Wohnungen, die auch die Erwartungen der anspruchsvollsten G\u00e4ste erf\u00fcllen. Gem\u00fctliches Interieur, moderne Annehmlichkeiten und eine hervorragende Lage machen die <strong>Wohnungen in Szklarska Poreba<\/strong> zur perfekten Wahl f\u00fcr einen Urlaub in den Bergen. Diese komfortablen Wohnungen bieten einen malerischen Blick auf das Panorama des Riesengebirges und machen Ihren Aufenthalt noch angenehmer.<\/p>\n<h2>Touristische Attraktionen in der N\u00e4he der Wohnungen<\/h2>\n<p><strong>Bei der Auswahl von Wohnungen in Szklarska Por\u0119ba sollten Sie auf die Lage in der N\u00e4he von Touristenattraktionen achten<\/strong>. Es gibt zahlreiche Wanderwege, die zu Orten wie dem Kamie\u0144czyk-Wasserfall, Chybotek und Szrenica f\u00fchren. In der Wintersaison k\u00f6nnen Touristen au\u00dferdem die gut pr\u00e4parierten Skipisten und den Ausr\u00fcstungsverleih in Anspruch nehmen. So kann sich jeder, unabh\u00e4ngig von seinen F\u00e4higkeiten, aktiv im Freien erholen. Sehen Sie sich <a href=\"https:\/\/kochamkarkonosze.pl\/de\/szklarska-poreba\/\">die Wanderwege in Szklarska Por\u0119ba<\/a> an.<\/p>\n<h2>Komfort und Bequemlichkeit in Wohnungen<\/h2>\n<p>Die <strong>Wohnungen in Szklarska Poreba bieten ihren G\u00e4sten eine breite Palette an Annehmlichkeiten<\/strong>, um ihren Aufenthalt noch angenehmer zu gestalten. Dazu geh\u00f6ren. voll ausgestattete K\u00fcchenzeilen, ger\u00e4umige Badezimmer, Flachbildfernseher und drahtlosen Internetzugang. Dar\u00fcber hinaus bieten viele Einrichtungen auch Saunen, Whirlpools oder Swimmingpools an, die die Entspannung nach einem Tag auf den Bergpfaden noch angenehmer machen.<\/p>\n<h2>Familienurlaub in Wohnungen<\/h2>\n<p>Szklarska Poreba ist der ideale Ort f\u00fcr einen Familienurlaub. <strong>Die Wohnungen, die sich in dieser charmanten Stadt befinden, sind perfekt auf die Bed\u00fcrfnisse von Familien mit Kindern abgestimmt<\/strong>. Viele haben ger\u00e4umige Zimmer, die eine komfortable Unterkunft f\u00fcr die ganze Familie bieten. Au\u00dferdem gibt es in der Gegend zahlreiche Attraktionen f\u00fcr Kinder, wie Seilparks, Hallenb\u00e4der und Orte, an denen man Skifahren lernen kann. So findet jedes Familienmitglied etwas f\u00fcr sich und kann seinen Urlaub im Riesengebirge in vollen Z\u00fcgen genie\u00dfen.<\/p>\n<h2>Wohnung online buchen<\/h2>\n<p>Im Zeitalter der modernen Technik ist das <strong>Buchen von Wohnungen in Szklarska Poreba extrem einfach geworden<\/strong>. Besuchen Sie einfach die Website, wo Sie eine gro\u00dfe Auswahl an Mietwohnungen finden k\u00f6nnen. Dank eines intuitiven Suchsystems kann jeder schnell und einfach eine Wohnung finden, die seinen Anforderungen entspricht, und online buchen. Diese bequeme L\u00f6sung spart Zeit und Energie und stellt gleichzeitig sicher, dass die gew\u00e4hlte Wohnung alle Erwartungen erf\u00fcllt.<\/p>\n<h2>Outdoor-Aktivit\u00e4ten und lokale Veranstaltungen<\/h2>\n<p>Szklarska Por\u0119ba ist ein Ort, an dem jeder Liebhaber der aktiven Freizeitgestaltung etwas f\u00fcr sich finden wird. Neben zahlreichen Wander- und Skistrecken werden auch lokale Freizeitaktivit\u00e4ten wie Gleitschirmflugschulen, Radtouren und Reiten angeboten. W\u00e4hrend der Sommersaison lohnt es sich, den M\u00e4rchenpark zu besuchen, der viele Attraktionen f\u00fcr die ganze Familie bietet, sowie an den zahlreichen Festivals und Freiluftveranstaltungen teilzunehmen, die in Szklarska Poreba stattfinden.  <strong>Wenn Sie sich f\u00fcr eine Wohnung in dieser reizvollen Lage entscheiden, k\u00f6nnen Sie sicher sein, dass es Ihnen nicht an Gelegenheiten mangeln wird, Zeit im Freien zu verbringen und die Sch\u00f6nheit des Riesengebirges zu genie\u00dfen<\/strong>.<\/p>\n<h2>Kulinarische und lokale Aromen<\/h2>\n<p>Szklarska Por\u0119ba ist auch ein gro\u00dfartiger Ort f\u00fcr Feinschmecker, die die regionale K\u00fcche kennenlernen und lokale K\u00f6stlichkeiten probieren m\u00f6chten. <strong>In der N\u00e4he der Wohnungen gibt es zahlreiche Restaurants, Caf\u00e9s und Bars,<\/strong> die Gerichte servieren, die mit gr\u00f6\u00dfter Sorgfalt und aus frischen, lokalen Produkten zubereitet werden. Es lohnt sich, Gerichte wie die Kartoffelpuffer, die saure Suppe aus dem Riesengebirge oder die kwa\u015bnica zu probieren, die ideal zum Bergklima von Szklarska Por\u0119ba passen. Wenn Sie sich f\u00fcr Wohnungen in dieser Gegend entscheiden, k\u00f6nnen Sie sicher sein, dass Sie nicht nur das Bed\u00fcrfnis nach einer komfortablen Unterkunft befriedigen, sondern auch den Reichtum der Aromen der Riesengebirgsk\u00fcche entdecken werden.<\/p>\n\t\t\t\t\t\t\t\t<\/div>\n\t\t\t\t<\/div>\n\t\t\t\t\t<\/div>\n\t\t<\/div>\n\t\t\t\t\t<\/div>\n\t\t<\/section>\n\t\t\t\t<\/div>\n\t\t","protected":false},"excerpt":{"rendered":"<p>Wohnungen in Szklarska Poreba Szklarska Poreba ist einer der reizvollsten Orte im Riesengebirge, der Touristen aus ganz Polen und dar\u00fcber hinaus anzieht. Es gibt zahlreiche Wohnungen, die auch die Erwartungen der anspruchsvollsten G\u00e4ste erf\u00fcllen. Gem\u00fctliches Interieur, moderne Annehmlichkeiten und eine hervorragende Lage machen die Wohnungen in Szklarska Poreba zur perfekten Wahl f\u00fcr einen Urlaub in [&hellip;]<\/p>\n","protected":false},"author":2,"featured_media":0,"parent":7221,"menu_order":0,"comment_status":"closed","ping_status":"closed","template":"","meta":{"footnotes":""},"class_list":["post-6921","page","type-page","status-publish","hentry"],"_links":{"self":[{"href":"https:\/\/kochamkarkonosze.pl\/de\/wp-json\/wp\/v2\/pages\/6921","targetHints":{"allow":["GET"]}}],"collection":[{"href":"https:\/\/kochamkarkonosze.pl\/de\/wp-json\/wp\/v2\/pages"}],"about":[{"href":"https:\/\/kochamkarkonosze.pl\/de\/wp-json\/wp\/v2\/types\/page"}],"author":[{"embeddable":true,"href":"https:\/\/kochamkarkonosze.pl\/de\/wp-json\/wp\/v2\/users\/2"}],"replies":[{"embeddable":true,"href":"https:\/\/kochamkarkonosze.pl\/de\/wp-json\/wp\/v2\/comments?post=6921"}],"version-history":[{"count":1,"href":"https:\/\/kochamkarkonosze.pl\/de\/wp-json\/wp\/v2\/pages\/6921\/revisions"}],"predecessor-version":[{"id":6922,"href":"https:\/\/kochamkarkonosze.pl\/de\/wp-json\/wp\/v2\/pages\/6921\/revisions\/6922"}],"up":[{"embeddable":true,"href":"https:\/\/kochamkarkonosze.pl\/de\/wp-json\/wp\/v2\/pages\/7221"}],"wp:attachment":[{"href":"https:\/\/kochamkarkonosze.pl\/de\/wp-json\/wp\/v2\/media?parent=6921"}],"curies":[{"name":"wp","href":"https:\/\/api.w.org\/{rel}","templated":true}]}}