{"id":7221,"date":"2024-04-09T05:13:14","date_gmt":"2024-04-09T05:13:14","guid":{"rendered":"https:\/\/kochamkarkonosze.pl\/hotels\/"},"modified":"2024-11-29T15:50:12","modified_gmt":"2024-11-29T15:50:12","slug":"hotels","status":"publish","type":"page","link":"https:\/\/kochamkarkonosze.pl\/de\/hotels\/","title":{"rendered":"Hotels"},"content":{"rendered":"\t\t<div data-elementor-type=\"wp-page\" data-elementor-id=\"7221\" class=\"elementor elementor-7221 elementor-6199\" data-elementor-post-type=\"page\">\n\t\t\t\t\t\t<section class=\"elementor-section elementor-top-section elementor-element elementor-element-12d19aa elementor-section-boxed elementor-section-height-default elementor-section-height-default\" data-id=\"12d19aa\" data-element_type=\"section\">\n\t\t\t\t\t\t<div class=\"elementor-container elementor-column-gap-default\">\n\t\t\t\t\t<div class=\"elementor-column elementor-col-100 elementor-top-column elementor-element elementor-element-38cb07e\" data-id=\"38cb07e\" data-element_type=\"column\">\n\t\t\t<div class=\"elementor-widget-wrap elementor-element-populated\">\n\t\t\t\t\t\t<div class=\"elementor-element elementor-element-a6569bf elementor-widget elementor-widget-text-editor\" data-id=\"a6569bf\" data-element_type=\"widget\" data-widget_type=\"text-editor.default\">\n\t\t\t\t<div class=\"elementor-widget-container\">\n\t\t\t\t\t\t\t\t\t<h1>Unterkunft in Krkono\u0161e<\/h1>\n<p>Das Riesengebirge ist eine der beliebtesten Tourismusregionen Polens, und <strong>Unterk\u00fcnfte im Riesengebirge<\/strong> sind das ganze Jahr \u00fcber sehr gefragt. Unter den verf\u00fcgbaren Optionen finden Sie sowohl komfortable Hotels als auch gem\u00fctliche Pensionen und preiswerte Wohnungen. <a href=\"https:\/\/kochamkarkonosze.pl\/de\/hotels\/swieradow-zdroj\/\">Die Auswahl an Unterk\u00fcnften ist wirklich gro\u00df<\/a>, so dass Sie den perfekten Ort f\u00fcr Familien mit Kindern, Paare und Gruppen von Freunden gleicherma\u00dfen finden k\u00f6nnen. Die Lage der Unterk\u00fcnfte ist erw\u00e4hnenswert &#8211; einige von ihnen befinden sich im Herzen der Berge und bieten unvergessliche Ausblicke und einfachen Zugang zu Wanderwegen. Sehen Sie sich u.a. <a href=\"https:\/\/kochamkarkonosze.pl\/de\/hotels\/szklarska-poreba-2\/\">Wohnungen in Szklarska Por\u0119ba<\/a> und \u015awierad\u00f3w-Zdr\u00f3j an.<\/p>\n<h2>Hotel im Riesengebirge: Komfort und Bequemlichkeit im Herzen des Gebirges<\/h2>\n<p><strong>Wenn Sie sich f\u00fcr ein Hotel im Riesengebirge entscheiden, k\u00f6nnen Sie sich auf einen hohen Servicestandard und eine breite Palette von Annehmlichkeiten verlassen<\/strong>. Diese Einrichtungen bieten komfortable Zimmer mit eigenem Bad, Satellitenfernsehen und Internetzugang. Dar\u00fcber hinaus verf\u00fcgen die meisten Hotels \u00fcber ein Restaurant, das schmackhafte regionale und internationale K\u00fcche serviert. Einige Hotels bieten auch zus\u00e4tzliche Aktivit\u00e4ten wie einen Swimmingpool, eine Sauna, einen Fitnessraum oder ein Spa an. Dies macht das <strong>Hotel im Riesengebirge nicht nur zu einem ausgezeichneten Aufenthaltsort, sondern auch zu einem hervorragenden Ausgangspunkt f\u00fcr die Erkundung der umliegenden Sehensw\u00fcrdigkeiten<\/strong>.<\/p>\n<h2>Hotels im Riesengebirge: Vielfalt und attraktive Preise<\/h2>\n<p>Im Riesengebirge finden Sie eine gro\u00dfe Auswahl an Hotels, die auch die anspruchsvollsten Touristen zufriedenstellen. Diese reichen von komfortablen F\u00fcnf-Sterne-Hotels bis hin zu gem\u00fctlichen Drei-Sterne-H\u00e4usern. Die Preise der Unterk\u00fcnfte variieren, so dass das Angebot auf die individuellen Bed\u00fcrfnisse und Budgets zugeschnitten werden kann. <strong>Hotels im Riesengebirge bieten oft attraktive Aufenthaltspakete an<\/strong>, die die Unterkunft mit zus\u00e4tzlichen Dienstleistungen wie Verpflegung oder Nutzung von Freizeiteinrichtungen kombinieren. Es lohnt sich, die Angebote und Rabatte zu verfolgen, um das beste Angebot f\u00fcr Ihren Aufenthalt im Riesengebirge zu finden.<\/p>\n<h2>Spa im Riesengebirge: Entspannung und Wellness in einem Bergklima<\/h2>\n<p>Viele Hotels im Riesengebirge bieten ihren G\u00e4sten die M\u00f6glichkeit von Spa- und Wellness-Dienstleistungen. Dies ist die perfekte Gelegenheit, um sich nach einem erlebnisreichen Tag auf den Bergpfaden oder Skipisten zu regenerieren. Das <strong>Spa im Riesengebirge bietet eine breite Palette von Behandlungen<\/strong> wie Massagen, B\u00e4der oder Therapien auf der Basis nat\u00fcrlicher Inhaltsstoffe. Dar\u00fcber hinaus verf\u00fcgen diese Einrichtungen oft \u00fcber Swimmingpools, Saunen oder Whirlpools, die eine vollst\u00e4ndige Entspannung und Wellness in der malerischen Umgebung des Riesengebirges erm\u00f6glichen.<\/p>\n<h2>Unterkunft im Riesengebirge kombiniert mit Attraktionen f\u00fcr aktive und entspannte Menschen<\/h2>\n<p>Das Riesengebirge bietet nicht nur wundersch\u00f6ne Landschaften und malerische Wanderwege, sondern auch viele Attraktionen f\u00fcr Touristen mit unterschiedlichen Interessen. <strong>Unterk\u00fcnfte im Riesengebirge bieten einen einfachen Zugang zu zahlreichen Radwegen, Skiliften<\/strong> und Gebieten f\u00fcr Extremsportarten wie Gleitschirmfliegen und Klettern. F\u00fcr diejenigen, die Entspannung und Kultur suchen, gibt es zahlreiche Museen, Kunstgalerien oder historische Schl\u00f6sser und Burgen. Viele Unterk\u00fcnfte bieten auch ein umfangreiches Animations- und Aktivit\u00e4tsprogramm f\u00fcr Kinder an, was das Riesengebirge zu einem idealen Ziel f\u00fcr einen Familienurlaub macht.<\/p>\n<h2>Organisation von Konferenzen und besonderen Veranstaltungen in einem Hotel im Riesengebirge (Krkono\u0161e)<\/h2>\n<p><strong>Hotels im Riesengebirge sind auch ein hervorragender Ort f\u00fcr Konferenzen, Schulungen oder Gesch\u00e4ftstreffen<\/strong>. Viele Veranstaltungsorte verf\u00fcgen \u00fcber moderne Konferenzr\u00e4ume mit der notwendigen Infrastruktur und professionellem Personal. Dar\u00fcber hinaus bieten diese Hotels die M\u00f6glichkeit, besondere Veranstaltungen wie Hochzeiten, Taufen oder Geburtstage zu organisieren. In diesem Fall lohnt es sich, auf das gastronomische Angebot des Hotels und zus\u00e4tzliche Attraktionen wie Live-Musik oder ein Feuerwerk zu achten.<\/p>\n<h2>Hotels im Riesengebirge: Vorschl\u00e4ge f\u00fcr Natur- und \u00d6kotourismusliebhaber<\/h2>\n<p><strong>Hotels im Riesengebirge sind auch ein gro\u00dfartiger Ort f\u00fcr Naturliebhaber und \u00d6kotouristen<\/strong>. Viele Einrichtungen setzen auf umweltfreundliche L\u00f6sungen, wie die Nutzung von Solarenergie, Erdw\u00e4rme oder M\u00fclltrennung. Dar\u00fcber hinaus bieten einige Veranstaltungsorte die M\u00f6glichkeit, an \u00f6kologischen Workshops, Naturschutzaktivit\u00e4ten oder gef\u00fchrten Touren zu den interessantesten Ecken des Riesengebirges teilzunehmen.<\/p>\n\t\t\t\t\t\t\t\t<\/div>\n\t\t\t\t<\/div>\n\t\t\t\t\t<\/div>\n\t\t<\/div>\n\t\t\t\t\t<\/div>\n\t\t<\/section>\n\t\t\t\t<\/div>\n\t\t","protected":false},"excerpt":{"rendered":"<p>Unterkunft in Krkono\u0161e Das Riesengebirge ist eine der beliebtesten Tourismusregionen Polens, und Unterk\u00fcnfte im Riesengebirge sind das ganze Jahr \u00fcber sehr gefragt. Unter den verf\u00fcgbaren Optionen finden Sie sowohl komfortable Hotels als auch gem\u00fctliche Pensionen und preiswerte Wohnungen. Die Auswahl an Unterk\u00fcnften ist wirklich gro\u00df, so dass Sie den perfekten Ort f\u00fcr Familien mit Kindern, [&hellip;]<\/p>\n","protected":false},"author":2,"featured_media":0,"parent":0,"menu_order":0,"comment_status":"closed","ping_status":"closed","template":"","meta":{"footnotes":""},"class_list":["post-7221","page","type-page","status-publish","hentry"],"_links":{"self":[{"href":"https:\/\/kochamkarkonosze.pl\/de\/wp-json\/wp\/v2\/pages\/7221","targetHints":{"allow":["GET"]}}],"collection":[{"href":"https:\/\/kochamkarkonosze.pl\/de\/wp-json\/wp\/v2\/pages"}],"about":[{"href":"https:\/\/kochamkarkonosze.pl\/de\/wp-json\/wp\/v2\/types\/page"}],"author":[{"embeddable":true,"href":"https:\/\/kochamkarkonosze.pl\/de\/wp-json\/wp\/v2\/users\/2"}],"replies":[{"embeddable":true,"href":"https:\/\/kochamkarkonosze.pl\/de\/wp-json\/wp\/v2\/comments?post=7221"}],"version-history":[{"count":3,"href":"https:\/\/kochamkarkonosze.pl\/de\/wp-json\/wp\/v2\/pages\/7221\/revisions"}],"predecessor-version":[{"id":8608,"href":"https:\/\/kochamkarkonosze.pl\/de\/wp-json\/wp\/v2\/pages\/7221\/revisions\/8608"}],"wp:attachment":[{"href":"https:\/\/kochamkarkonosze.pl\/de\/wp-json\/wp\/v2\/media?parent=7221"}],"curies":[{"name":"wp","href":"https:\/\/api.w.org\/{rel}","templated":true}]}}